{"id":1011,"date":"2024-12-19T11:50:59","date_gmt":"2024-12-19T10:50:59","guid":{"rendered":"https:\/\/www.mkware.de\/?page_id=1011"},"modified":"2025-01-22T12:41:56","modified_gmt":"2025-01-22T11:41:56","slug":"software","status":"publish","type":"page","link":"https:\/\/www.mkware.de\/en\/software\/","title":{"rendered":"Software"},"content":{"rendered":"<section class=\"l-section wpb_row us_custom_c70c97eb height_medium full_height valign_center\"><div class=\"l-section-h i-cf\"><div class=\"g-cols vc_row via_grid cols_1 laptops-cols_inherit tablets-cols_inherit mobiles-cols_1 valign_top type_default stacking_default\"><div class=\"wpb_column vc_column_container\"><div class=\"vc_column-inner\"><div class=\"g-cols wpb_row via_grid cols_1 laptops-cols_inherit tablets-cols_inherit mobiles-cols_1 valign_top type_default stacking_default\" style=\"--columns-gap:3rem;\"><div class=\"wpb_column vc_column_container\"><div class=\"vc_column-inner\"><div class=\"wpb_text_column\"><div class=\"wpb_wrapper\"><h1>Our products.<\/h1>\n<\/div><\/div><div class=\"w-separator size_medium\"><\/div><\/div><\/div><\/div><div class=\"w-grid us_post_list type_grid layout_627 cols_2 pagination_numbered preload_style_spinner\" id=\"us_post_list_h04b\" style=\"--columns:2;--gap:3rem;\"><style>@media (max-width:600px){#us_post_list_h04b{--columns:1!important}}@media (min-width:1024px){#us_post_list_h04b .w-post-elm.post_title{font-size:1.8rem!important}}.layout_627 .w-grid-item-h{border-radius:0.3rem}.layout_627 .usg_vwrapper_1{color:var(--color-content-text)!important;font-size:0.85em!important;line-height:1.7!important;border-radius:5px!important;padding:10%!important;background:var(--color-content-bg)!important;box-shadow:0 0.5em 1rem 0 rgba(0,0,0,0.10)!important}<\/style><div class=\"w-grid-list\">\t<article class=\"w-grid-item size_1x1 post-221 software type-software status-publish has-post-thumbnail hentry\" data-id=\"221\">\n\t\t<div class=\"w-grid-item-h\">\n\t\t\t\t\t\t<div class=\"w-vwrapper usg_vwrapper_1 has_text_color align_left valign_middle\" style=\"--vwrapper-gap:25px\"><h2 class=\"w-post-elm post_title usg_post_title_1 entry-title color_link_inherit\"><a href=\"https:\/\/www.mkware.de\/en\/software\/mkworkforce\/\">MK|Workforce<\/a><\/h2><div class=\"w-post-elm post_content usg_post_content_1\"><p>MK|Workforce optimizes your workforce management through digital shift planning, real-time overview and efficient resource allocation. Increase the productivity of your team and reduce planning effort - the smart solution for your workforce management.<\/p>\n<\/div><a class=\"w-btn us-btn-style_1 usg_btn_1\" href=\"https:\/\/www.mkware.de\/en\/software\/mkworkforce\/\"><span class=\"w-btn-label\">To the software<\/span><\/a><\/div>\t\t<\/div>\n\t\t\t<\/article>\n\t<article class=\"w-grid-item size_1x1 post-230 software type-software status-publish has-post-thumbnail hentry\" data-id=\"230\">\n\t\t<div class=\"w-grid-item-h\">\n\t\t\t\t\t\t<div class=\"w-vwrapper usg_vwrapper_1 has_text_color align_left valign_middle\" style=\"--vwrapper-gap:25px\"><h2 class=\"w-post-elm post_title usg_post_title_1 entry-title color_link_inherit\"><a href=\"https:\/\/www.mkware.de\/en\/software\/mkperformance\/\">MK|Performance<\/a><\/h2><div class=\"w-post-elm post_content usg_post_content_1\"><p>MK|Performance optimizes your production processes through real-time measurements and comprehensive analyses. Increase the efficiency of your production, identify bottlenecks at an early stage and maximize the performance of your machines. The ideal solution for high-production companies.<\/p>\n<\/div><a class=\"w-btn us-btn-style_1 usg_btn_1\" href=\"https:\/\/www.mkware.de\/en\/software\/mkperformance\/\"><span class=\"w-btn-label\">To the software<\/span><\/a><\/div>\t\t<\/div>\n\t\t\t<\/article>\n\t<article class=\"w-grid-item size_1x1 post-895 software type-software status-publish has-post-thumbnail hentry\" data-id=\"895\">\n\t\t<div class=\"w-grid-item-h\">\n\t\t\t\t\t\t<div class=\"w-vwrapper usg_vwrapper_1 has_text_color align_left valign_middle\" style=\"--vwrapper-gap:25px\"><h2 class=\"w-post-elm post_title usg_post_title_1 entry-title color_link_inherit\"><a href=\"https:\/\/www.mkware.de\/en\/software\/mkmes\/\">MK|MES<\/a><\/h2><div class=\"w-post-elm post_content usg_post_content_1\"><p>MK|MES digitizes and controls your manufacturing processes efficiently. From planning to tracking, the solution ensures maximum transparency, reduced errors and optimized production - perfect for modern companies.<\/p>\n<\/div><a class=\"w-btn us-btn-style_1 usg_btn_1\" href=\"https:\/\/www.mkware.de\/en\/software\/mkmes\/\"><span class=\"w-btn-label\">To the software<\/span><\/a><\/div>\t\t<\/div>\n\t\t\t<\/article>\n\t<article class=\"w-grid-item size_1x1 post-228 software type-software status-publish has-post-thumbnail hentry\" data-id=\"228\">\n\t\t<div class=\"w-grid-item-h\">\n\t\t\t\t\t\t<div class=\"w-vwrapper usg_vwrapper_1 has_text_color align_left valign_middle\" style=\"--vwrapper-gap:25px\"><h2 class=\"w-post-elm post_title usg_post_title_1 entry-title color_link_inherit\"><a href=\"https:\/\/www.mkware.de\/en\/software\/mklabel\/\">MK|Label<\/a><\/h2><div class=\"w-post-elm post_content usg_post_content_1\"><p>MK|Label facilitates communication between shipper, forwarder and recipient. You always have an overview of your product along the entire production route. A label on the loading unit ensures that transport and product packaging is clearly marked with all relevant content information.<\/p>\n<\/div><a class=\"w-btn us-btn-style_1 usg_btn_1\" href=\"https:\/\/www.mkware.de\/en\/software\/mklabel\/\"><span class=\"w-btn-label\">To the software<\/span><\/a><\/div>\t\t<\/div>\n\t\t\t<\/article>\n\t<article class=\"w-grid-item size_1x1 post-227 software type-software status-publish has-post-thumbnail hentry\" data-id=\"227\">\n\t\t<div class=\"w-grid-item-h\">\n\t\t\t\t\t\t<div class=\"w-vwrapper usg_vwrapper_1 has_text_color align_left valign_middle\" style=\"--vwrapper-gap:25px\"><h2 class=\"w-post-elm post_title usg_post_title_1 entry-title color_link_inherit\"><a href=\"https:\/\/www.mkware.de\/en\/software\/mkconnect\/\">MK|Connect<\/a><\/h2><div class=\"w-post-elm post_content usg_post_content_1\"><p>MK|Connect networks your machines and systems for seamless data communication. Record, analyze and optimize your production processes efficiently - for maximum transparency and smart production in real time.<\/p>\n<\/div><a class=\"w-btn us-btn-style_1 usg_btn_1\" href=\"https:\/\/www.mkware.de\/en\/software\/mkconnect\/\"><span class=\"w-btn-label\">To the software<\/span><\/a><\/div>\t\t<\/div>\n\t\t\t<\/article>\n\t<article class=\"w-grid-item size_1x1 post-223 software type-software status-publish has-post-thumbnail hentry\" data-id=\"223\">\n\t\t<div class=\"w-grid-item-h\">\n\t\t\t\t\t\t<div class=\"w-vwrapper usg_vwrapper_1 has_text_color align_left valign_middle\" style=\"--vwrapper-gap:25px\"><h2 class=\"w-post-elm post_title usg_post_title_1 entry-title color_link_inherit\"><a href=\"https:\/\/www.mkware.de\/en\/software\/mkcode\/\">MK|Code<\/a><\/h2><div class=\"w-post-elm post_content usg_post_content_1\"><p>MK|Code allows you to maintain an overview at all times and document your production processes seamlessly. Questions such as \"When was which product manufactured with which materials?\" can be answered quickly and easily. This gives you maximum transparency and informative value - especially in the event of complaints.<\/p>\n<\/div><a class=\"w-btn us-btn-style_1 usg_btn_1\" href=\"https:\/\/www.mkware.de\/en\/software\/mkcode\/\"><span class=\"w-btn-label\">To the software<\/span><\/a><\/div>\t\t<\/div>\n\t\t\t<\/article>\n<\/div><div class=\"g-loadmore hidden\"><div class=\"g-preloader type_1\"><div><\/div><\/div><\/div><div class=\"w-grid-list-json hidden\" onclick='return {&quot;max_num_pages&quot;:1,&quot;paginationBase&quot;:&quot;page&quot;,&quot;pagination&quot;:&quot;numbered&quot;,&quot;paged&quot;:1,&quot;ajaxData&quot;:{&quot;action&quot;:&quot;us_ajax_post_list&quot;,&quot;meta_type&quot;:&quot;post&quot;,&quot;object_id&quot;:0,&quot;template_vars&quot;:{&quot;paged&quot;:1,&quot;max_num_pages&quot;:1,&quot;no_results&quot;:false,&quot;us_post_content_design_css&quot;:[],&quot;found_posts&quot;:6,&quot;source&quot;:&quot;post__in&quot;,&quot;custom_field_name&quot;:&quot;&quot;,&quot;ids&quot;:&quot;895,230,228,227,223,221&quot;,&quot;post_type&quot;:&quot;software&quot;,&quot;attachment_ids&quot;:null,&quot;include_post_thumbnail&quot;:0,&quot;post_author&quot;:&quot;any&quot;,&quot;post_author_ids&quot;:&quot;&quot;,&quot;apply_url_params&quot;:0,&quot;exclude_children&quot;:0,&quot;exclude_current_post&quot;:1,&quot;exclude_prev_posts&quot;:0,&quot;enable_items_offset&quot;:0,&quot;items_offset&quot;:&quot;1&quot;,&quot;tax_query_relation&quot;:&quot;none&quot;,&quot;tax_query&quot;:[{&quot;operator&quot;:&quot;IN&quot;,&quot;taxonomy&quot;:&quot;category&quot;,&quot;terms&quot;:&quot;&quot;,&quot;include_children&quot;:0}],&quot;meta_query_relation&quot;:&quot;none&quot;,&quot;meta_query&quot;:[{&quot;key&quot;:&quot;custom_field_name&quot;,&quot;compare&quot;:&quot;=&quot;,&quot;value&quot;:&quot;&quot;}],&quot;orderby&quot;:&quot;title&quot;,&quot;orderby_custom_field&quot;:&quot;&quot;,&quot;orderby_custom_type&quot;:0,&quot;order_invert&quot;:&quot;1&quot;,&quot;show_all&quot;:&quot;1&quot;,&quot;quantity&quot;:&quot;12&quot;,&quot;posts_per_archive_page&quot;:0,&quot;no_items_action&quot;:&quot;message&quot;,&quot;no_items_message&quot;:&quot;No results found.&quot;,&quot;no_items_page_block&quot;:&quot;&quot;,&quot;pagination&quot;:&quot;numbered&quot;,&quot;pagination_style&quot;:&quot;&quot;,&quot;pagination_btn_text&quot;:&quot;Load More&quot;,&quot;pagination_btn_size&quot;:&quot;&quot;,&quot;pagination_btn_style&quot;:&quot;1&quot;,&quot;pagination_btn_fullwidth&quot;:0,&quot;items_layout&quot;:&quot;627&quot;,&quot;type&quot;:&quot;grid&quot;,&quot;items_valign&quot;:0,&quot;ignore_items_size&quot;:0,&quot;columns&quot;:&quot;2&quot;,&quot;items_gap&quot;:&quot;3rem&quot;,&quot;load_animation&quot;:&quot;none&quot;,&quot;items_preload_style&quot;:&quot;spinner&quot;,&quot;img_size&quot;:&quot;default&quot;,&quot;title_size&quot;:&quot;1.8rem&quot;,&quot;items_ratio&quot;:&quot;default&quot;,&quot;items_ratio_width&quot;:&quot;21&quot;,&quot;items_ratio_height&quot;:&quot;9&quot;,&quot;overriding_link&quot;:&quot;{\\&quot;url\\&quot;:\\&quot;\\&quot;}&quot;,&quot;popup_page_template&quot;:&quot;0&quot;,&quot;popup_width&quot;:&quot;&quot;,&quot;popup_arrows&quot;:1,&quot;breakpoint_1_width&quot;:&quot;1381px&quot;,&quot;breakpoint_1_cols&quot;:&quot;default&quot;,&quot;breakpoint_1_quantity&quot;:&quot;&quot;,&quot;breakpoint_1_gap&quot;:&quot;&quot;,&quot;breakpoint_2_width&quot;:&quot;1025px&quot;,&quot;breakpoint_2_cols&quot;:&quot;2&quot;,&quot;breakpoint_2_quantity&quot;:&quot;&quot;,&quot;breakpoint_2_gap&quot;:&quot;&quot;,&quot;breakpoint_3_width&quot;:&quot;601px&quot;,&quot;breakpoint_3_cols&quot;:&quot;1&quot;,&quot;breakpoint_3_quantity&quot;:&quot;&quot;,&quot;breakpoint_3_gap&quot;:&quot;&quot;,&quot;conditions_operator&quot;:&quot;always&quot;,&quot;conditions&quot;:[],&quot;css&quot;:null,&quot;el_class&quot;:&quot;&quot;,&quot;el_id&quot;:&quot;&quot;,&quot;enable_custom_html_atts&quot;:0,&quot;custom_html_atts&quot;:null,&quot;hide_on_states&quot;:&quot;&quot;,&quot;hide_for_sticky&quot;:0,&quot;hide_for_not_sticky&quot;:0,&quot;hide_below&quot;:&quot;0px&quot;,&quot;hide_above&quot;:&quot;0px&quot;,&quot;classes&quot;:&quot;&quot;}},&quot;facetedFilter&quot;:[]}'><\/div><\/div><\/div><\/div><\/div><\/div><\/section>","protected":false},"excerpt":{"rendered":"Document production processes with MK|Code. MK|Code is a software solution with which companies can digitally document their production processes and make them traceable. It ensures that it is always clear when which product was manufactured with which material and under which conditions. MK|Code thus provides maximum transparency in real time - for example in the event of complaints or for the analysis and optimization of...","protected":false},"author":3,"featured_media":0,"parent":0,"menu_order":0,"comment_status":"closed","ping_status":"closed","template":"","meta":{"_acf_changed":false,"footnotes":""},"class_list":["post-1011","page","type-page","status-publish","hentry"],"acf":[],"yoast_head":"<!-- This site is optimized with the Yoast SEO plugin v26.3 - https:\/\/yoast.com\/wordpress\/plugins\/seo\/ -->\n<title>Individuelle IT-L\u00f6sungen f\u00fcr Unternehmen<\/title>\n<meta name=\"description\" content=\"Entdecken Sie ma\u00dfgeschneiderte IT-L\u00f6sungen zur Optimierung Ihrer Gesch\u00e4ftsprozesse. \u27a4 innovative Technologien\" \/>\n<meta name=\"robots\" content=\"index, follow, max-snippet:-1, max-image-preview:large, max-video-preview:-1\" \/>\n<link rel=\"canonical\" href=\"https:\/\/www.mkware.de\/en\/software\/\" \/>\n<meta property=\"og:locale\" content=\"en_US\" \/>\n<meta property=\"og:type\" content=\"article\" \/>\n<meta property=\"og:title\" content=\"Individuelle IT-L\u00f6sungen f\u00fcr Unternehmen\" \/>\n<meta property=\"og:description\" content=\"Entdecken Sie ma\u00dfgeschneiderte IT-L\u00f6sungen zur Optimierung Ihrer Gesch\u00e4ftsprozesse. \u27a4 innovative Technologien\" \/>\n<meta property=\"og:url\" content=\"https:\/\/www.mkware.de\/en\/software\/\" \/>\n<meta property=\"og:site_name\" content=\"MK|Ware\" \/>\n<meta property=\"article:modified_time\" content=\"2025-01-22T11:41:56+00:00\" \/>\n<meta name=\"twitter:card\" content=\"summary_large_image\" \/>\n<meta name=\"twitter:label1\" content=\"Est. reading time\" \/>\n\t<meta name=\"twitter:data1\" content=\"1 minute\" \/>\n<script type=\"application\/ld+json\" class=\"yoast-schema-graph\">{\"@context\":\"https:\/\/schema.org\",\"@graph\":[{\"@type\":\"WebPage\",\"@id\":\"https:\/\/www.mkware.de\/software\/\",\"url\":\"https:\/\/www.mkware.de\/software\/\",\"name\":\"Individuelle IT-L\u00f6sungen f\u00fcr Unternehmen\",\"isPartOf\":{\"@id\":\"https:\/\/www.mkware.de\/#website\"},\"datePublished\":\"2024-12-19T10:50:59+00:00\",\"dateModified\":\"2025-01-22T11:41:56+00:00\",\"description\":\"Entdecken Sie ma\u00dfgeschneiderte IT-L\u00f6sungen zur Optimierung Ihrer Gesch\u00e4ftsprozesse. \u27a4 innovative Technologien\",\"breadcrumb\":{\"@id\":\"https:\/\/www.mkware.de\/software\/#breadcrumb\"},\"inLanguage\":\"en-US\",\"potentialAction\":[{\"@type\":\"ReadAction\",\"target\":[\"https:\/\/www.mkware.de\/software\/\"]}]},{\"@type\":\"BreadcrumbList\",\"@id\":\"https:\/\/www.mkware.de\/software\/#breadcrumb\",\"itemListElement\":[{\"@type\":\"ListItem\",\"position\":1,\"name\":\"Startseite\",\"item\":\"https:\/\/www.mkware.de\/\"},{\"@type\":\"ListItem\",\"position\":2,\"name\":\"Software\"}]},{\"@type\":\"WebSite\",\"@id\":\"https:\/\/www.mkware.de\/#website\",\"url\":\"https:\/\/www.mkware.de\/\",\"name\":\"MK|Ware\",\"description\":\"\",\"publisher\":{\"@id\":\"https:\/\/www.mkware.de\/#organization\"},\"potentialAction\":[{\"@type\":\"SearchAction\",\"target\":{\"@type\":\"EntryPoint\",\"urlTemplate\":\"https:\/\/www.mkware.de\/?s={search_term_string}\"},\"query-input\":{\"@type\":\"PropertyValueSpecification\",\"valueRequired\":true,\"valueName\":\"search_term_string\"}}],\"inLanguage\":\"en-US\"},{\"@type\":\"Organization\",\"@id\":\"https:\/\/www.mkware.de\/#organization\",\"name\":\"MK|Ware\",\"url\":\"https:\/\/www.mkware.de\/\",\"logo\":{\"@type\":\"ImageObject\",\"inLanguage\":\"en-US\",\"@id\":\"https:\/\/www.mkware.de\/#\/schema\/logo\/image\/\",\"url\":\"https:\/\/www.mkware.de\/wp-content\/uploads\/mkware-logo.png\",\"contentUrl\":\"https:\/\/www.mkware.de\/wp-content\/uploads\/mkware-logo.png\",\"width\":1200,\"height\":306,\"caption\":\"MK|Ware\"},\"image\":{\"@id\":\"https:\/\/www.mkware.de\/#\/schema\/logo\/image\/\"}}]}<\/script>\n<!-- \/ Yoast SEO plugin. -->","yoast_head_json":{"title":"Customized IT solutions for companies","description":"Discover tailor-made IT solutions to optimize your business processes. \u27a4 Innovative technologies","robots":{"index":"index","follow":"follow","max-snippet":"max-snippet:-1","max-image-preview":"max-image-preview:large","max-video-preview":"max-video-preview:-1"},"canonical":"https:\/\/www.mkware.de\/en\/software\/","og_locale":"en_US","og_type":"article","og_title":"Individuelle IT-L\u00f6sungen f\u00fcr Unternehmen","og_description":"Entdecken Sie ma\u00dfgeschneiderte IT-L\u00f6sungen zur Optimierung Ihrer Gesch\u00e4ftsprozesse. \u27a4 innovative Technologien","og_url":"https:\/\/www.mkware.de\/en\/software\/","og_site_name":"MK|Ware","article_modified_time":"2025-01-22T11:41:56+00:00","twitter_card":"summary_large_image","twitter_misc":{"Est. reading time":"1 minute"},"schema":{"@context":"https:\/\/schema.org","@graph":[{"@type":"WebPage","@id":"https:\/\/www.mkware.de\/software\/","url":"https:\/\/www.mkware.de\/software\/","name":"Customized IT solutions for companies","isPartOf":{"@id":"https:\/\/www.mkware.de\/#website"},"datePublished":"2024-12-19T10:50:59+00:00","dateModified":"2025-01-22T11:41:56+00:00","description":"Discover tailor-made IT solutions to optimize your business processes. \u27a4 Innovative technologies","breadcrumb":{"@id":"https:\/\/www.mkware.de\/software\/#breadcrumb"},"inLanguage":"en-US","potentialAction":[{"@type":"ReadAction","target":["https:\/\/www.mkware.de\/software\/"]}]},{"@type":"BreadcrumbList","@id":"https:\/\/www.mkware.de\/software\/#breadcrumb","itemListElement":[{"@type":"ListItem","position":1,"name":"Startseite","item":"https:\/\/www.mkware.de\/"},{"@type":"ListItem","position":2,"name":"Software"}]},{"@type":"WebSite","@id":"https:\/\/www.mkware.de\/#website","url":"https:\/\/www.mkware.de\/","name":"MK|Ware","description":"","publisher":{"@id":"https:\/\/www.mkware.de\/#organization"},"potentialAction":[{"@type":"SearchAction","target":{"@type":"EntryPoint","urlTemplate":"https:\/\/www.mkware.de\/?s={search_term_string}"},"query-input":{"@type":"PropertyValueSpecification","valueRequired":true,"valueName":"search_term_string"}}],"inLanguage":"en-US"},{"@type":"Organization","@id":"https:\/\/www.mkware.de\/#organization","name":"MK|Ware","url":"https:\/\/www.mkware.de\/","logo":{"@type":"ImageObject","inLanguage":"en-US","@id":"https:\/\/www.mkware.de\/#\/schema\/logo\/image\/","url":"https:\/\/www.mkware.de\/wp-content\/uploads\/mkware-logo.png","contentUrl":"https:\/\/www.mkware.de\/wp-content\/uploads\/mkware-logo.png","width":1200,"height":306,"caption":"MK|Ware"},"image":{"@id":"https:\/\/www.mkware.de\/#\/schema\/logo\/image\/"}}]}},"_links":{"self":[{"href":"https:\/\/www.mkware.de\/en\/wp-json\/wp\/v2\/pages\/1011","targetHints":{"allow":["GET"]}}],"collection":[{"href":"https:\/\/www.mkware.de\/en\/wp-json\/wp\/v2\/pages"}],"about":[{"href":"https:\/\/www.mkware.de\/en\/wp-json\/wp\/v2\/types\/page"}],"author":[{"embeddable":true,"href":"https:\/\/www.mkware.de\/en\/wp-json\/wp\/v2\/users\/3"}],"replies":[{"embeddable":true,"href":"https:\/\/www.mkware.de\/en\/wp-json\/wp\/v2\/comments?post=1011"}],"version-history":[{"count":0,"href":"https:\/\/www.mkware.de\/en\/wp-json\/wp\/v2\/pages\/1011\/revisions"}],"wp:attachment":[{"href":"https:\/\/www.mkware.de\/en\/wp-json\/wp\/v2\/media?parent=1011"}],"curies":[{"name":"wp","href":"https:\/\/api.w.org\/{rel}","templated":true}]}}