{"id":1425,"date":"2026-03-06T08:10:51","date_gmt":"2026-03-06T07:10:51","guid":{"rendered":"https:\/\/www.mkware.de\/?page_id=1425"},"modified":"2026-03-06T08:10:51","modified_gmt":"2026-03-06T07:10:51","slug":"about-mkware","status":"publish","type":"page","link":"https:\/\/www.mkware.de\/en\/about-mkware\/","title":{"rendered":"About MKWare"},"content":{"rendered":"<section class=\"l-section wpb_row height_huge\"><div class=\"l-section-h i-cf\"><div class=\"g-cols vc_row via_grid cols_1 laptops-cols_inherit tablets-cols_inherit mobiles-cols_1 valign_middle type_default stacking_default\"><div class=\"wpb_column vc_column_container\"><div class=\"vc_column-inner\"><div class=\"w-video align_none ratio_16x9 has_iframe confirm_load\" data-cookie-name=\"youtube_load_confirmed\"><div class=\"w-video-h\"><script type=\"text\/template\">PGlmcmFtZSB0aXRsZT0iWW91dHViZSB2aWRlbyBwbGF5ZXIiIHNyYz0iLy93d3cueW91dHViZS5jb20vZW1iZWQvQ1M2RWlLQzlQaUk\/YXV0b3BsYXk9MSZjb250cm9scz0xJm9yaWdpbj1odHRwczovL3d3dy5ta3dhcmUuZGUvZW4mbG9vcD0wJm11dGU9MCIgYWxsb3dmdWxsc2NyZWVuPSIxIiBsb2FkaW5nPSJsYXp5Ij48L2lmcmFtZT4=<\/script><div class=\"w-video-privacy\"><p>By loading this video, you agree to the privacy policy of <a href=\"https:\/\/policies.google.com\/privacy\" target=\"_blank\" rel=\"nofollow noreferrer\">Youtube<\/a>.<\/p><p><label><input type=\"checkbox\" name=\"youtube_load_confirmed[]\" value=\"0\"><span>Always load Youtube videos on this site.<\/span><\/label><\/p><p><button class=\"w-btn us-btn-style_1 action_confirm_load\" type=\"button\"><span class=\"w-btn-label\">Load Video<\/span><\/button><\/p><\/div><\/div><\/div><div class=\"w-separator size_small\"><\/div><\/div><\/div><\/div><\/div><\/section><section class=\"l-section wpb_row us_custom_836f727b has_text_color height_large\"><div class=\"l-section-h i-cf\"><div class=\"g-cols vc_row via_grid cols_1 laptops-cols_inherit tablets-cols_inherit mobiles-cols_1 valign_top type_default stacking_default\"><div class=\"wpb_column vc_column_container\"><div class=\"vc_column-inner\"><div class=\"g-cols wpb_row via_grid cols_1 laptops-cols_inherit tablets-cols_inherit mobiles-cols_1 valign_top type_default stacking_default\" style=\"--columns-gap:3rem;\"><div class=\"wpb_column vc_column_container\"><div class=\"vc_column-inner\"><div class=\"wpb_text_column us_custom_eb849559\"><div class=\"wpb_wrapper\"><h2>We will be happy to advise you.<\/h2>\n<\/div><\/div><div class=\"w-separator size_medium\"><\/div><\/div><\/div><\/div><div class=\"g-cols wpb_row via_grid cols_4 laptops-cols_inherit tablets-cols_inherit mobiles-cols_1 valign_top type_default stacking_default\" style=\"--columns-gap:3rem;\"><div class=\"wpb_column vc_column_container\"><div class=\"vc_column-inner\"><div class=\"w-iconbox us_custom_836f727b has_text_color iconpos_top style_default color_custom align_center no_text\"><div class=\"w-iconbox-icon\" style=\"font-size:5rem;--icon-color:#fff;\"><i class=\"fad fa-calendar\"><\/i><\/div><div class=\"w-iconbox-meta\"><p class=\"w-iconbox-title\">Make an appointment<\/p><\/div><\/div><\/div><\/div><div class=\"wpb_column vc_column_container\"><div class=\"vc_column-inner\"><div class=\"w-iconbox us_custom_836f727b has_text_color iconpos_top style_default color_custom align_center no_text\"><div class=\"w-iconbox-icon\" style=\"font-size:5rem;--icon-color:#fff;\"><i class=\"fad fa-comments\"><\/i><\/div><div class=\"w-iconbox-meta\"><p class=\"w-iconbox-title\">Make an appointment<\/p><\/div><\/div><\/div><\/div><div class=\"wpb_column vc_column_container\"><div class=\"vc_column-inner\"><div class=\"w-iconbox us_custom_836f727b has_text_color iconpos_top style_default color_custom align_center no_text\"><div class=\"w-iconbox-icon\" style=\"font-size:5rem;--icon-color:#fff;\"><i class=\"fad fa-laptop\"><\/i><\/div><div class=\"w-iconbox-meta\"><p class=\"w-iconbox-title\">Request demo<\/p><\/div><\/div><\/div><\/div><div class=\"wpb_column vc_column_container\"><div class=\"vc_column-inner\"><div class=\"w-iconbox us_custom_836f727b has_text_color iconpos_top style_default color_custom align_center no_text\"><div class=\"w-iconbox-icon\" style=\"font-size:5rem;--icon-color:#fff;\"><i class=\"fad fa-user-chart\"><\/i><\/div><div class=\"w-iconbox-meta\"><p class=\"w-iconbox-title\">Increased production efficiency<\/p><\/div><\/div><\/div><\/div><\/div><div class=\"w-separator size_medium\"><\/div><div class=\"wpb_text_column us_custom_8fac178d has_text_color\"><div class=\"wpb_wrapper\"><p>Do you have any questions about MK|Ware products? Feel free to write to me using the contact form - or book an online appointment using the button below.<\/p>\n<\/div><\/div><div class=\"w-separator size_medium\"><\/div><div class=\"w-btn-wrapper align_center\"><a class=\"w-btn us-btn-style_4\" target=\"_blank\" href=\"\/en\/contact\/\"><span class=\"w-btn-label\">Arrange a free consultation now<\/span><\/a><\/div><div class=\"w-separator size_medium\"><\/div><\/div><\/div><\/div><\/div><\/section><!-- Row Backgrounds --><div class=\"upb_bg_img\" data-ultimate-bg=\"url(https:\/\/www.mkware.de\/wp-content\/uploads\/Frame-16-scaled.jpg)\" data-image-id=\"id^97|url^https:\/\/mkw.mosaik-management.de\/wp-content\/uploads\/Frame-16-scaled.jpg|caption^null|alt^null|title^Frame 16|description^null\" data-ultimate-bg-style=\"vcpb-vz-jquery\" data-bg-img-repeat=\"no-repeat\" data-bg-img-size=\"cover\" data-bg-img-position=\"\" data-parallx_sense=\"10\" data-bg-override=\"full\" data-bg_img_attach=\"scroll\" data-upb-overlay-color=\"\" data-upb-bg-animation=\"\" data-fadeout=\"\" data-bg-animation=\"left-animation\" data-bg-animation-type=\"h\" data-animation-repeat=\"repeat\" data-fadeout-percentage=\"30\" data-parallax-content=\"\" data-parallax-content-sense=\"30\" data-row-effect-mobile-disable=\"true\" data-img-parallax-mobile-disable=\"true\" data-rtl=\"false\"  data-custom-vc-row=\"\"  data-vc=\"8.7.1\"  data-is_old_vc=\"\"  data-theme-support=\"\"   data-overlay=\"false\" data-overlay-color=\"\" data-overlay-pattern=\"\" data-overlay-pattern-opacity=\"\" data-overlay-pattern-size=\"\"    ><\/div><section class=\"l-section wpb_row height_small\"><div class=\"l-section-h i-cf\"><div class=\"g-cols vc_row via_grid cols_1 laptops-cols_inherit tablets-cols_inherit mobiles-cols_1 valign_top type_default stacking_default\"><div class=\"wpb_column vc_column_container\"><div class=\"vc_column-inner\"><div class=\"w-separator size_medium\"><\/div><div class=\"wpb_text_column us_custom_eb849559\"><div class=\"wpb_wrapper\"><h2>Discover our <m-k>Product world.<\/m-k><\/h2>\n<\/div><\/div><\/div><\/div><\/div><\/div><\/section><section class=\"l-section wpb_row height_auto width_full\"><div class=\"l-section-h i-cf\"><div class=\"g-cols vc_row via_grid cols_1 laptops-cols_inherit tablets-cols_inherit mobiles-cols_1 valign_top type_default stacking_default\" style=\"--columns-gap:0rem;\"><div class=\"wpb_column vc_column_container\"><div class=\"vc_column-inner\"><section class=\"l-section wpb_row softboxes hide_on_tablets hide_on_mobiles height_small width_full\" id=\"softboxes\"><div class=\"l-section-h i-cf\"><div class=\"g-cols vc_row via_grid cols_1 laptops-cols_inherit tablets-cols_inherit mobiles-cols_1 valign_top type_default stacking_default\"><div class=\"wpb_column vc_column_container\"><div class=\"vc_column-inner\"><div class=\"w-grid type_carousel layout_220 preload_style_spinner items_6 ratio_2x3\" id=\"us_grid_1\" style=\"--items:6;--gap:0px;--item-ratio:1.5;\"><style>.layout_220 .w-grid-item-h{color:var(--color-maincolor)}.layout_220 .usg_post_image_1{transition-duration:0.6s;transform-origin:50% 50%;transform:scale(0.8) translate(0%,0%)}.layout_220 .w-grid-item-h:focus-within .usg_post_image_1,.layout_220 .w-grid-item-h:hover .usg_post_image_1{transform:scale(0.8) translate(-10%,3%);opacity:1}.layout_220 .usg_vwrapper_1{transition-duration:0.6s;transform-origin:50% 50%;transform:scale(1) translate(0%,101%);opacity:0}.layout_220 .w-grid-item-h:focus-within .usg_vwrapper_1,.layout_220 .w-grid-item-h:hover .usg_vwrapper_1{transform:scale(1) translate(0%,0%);opacity:1}.layout_220 .usg_post_custom_field_1{transition-duration:0.3s;transform-origin:50% 50%;transform:scale(1) translate(0%,100%)}.layout_220 .w-grid-item-h:focus-within .usg_post_custom_field_1,.layout_220 .w-grid-item-h:hover .usg_post_custom_field_1{transform:scale(1) translate(0%,0%);opacity:1}.layout_220 .usg_post_image_1{padding-bottom:3rem!important;position:absolute!important;left:0!important;top:0!important;bottom:0!important;right:0!important}.layout_220 .usg_vwrapper_1{position:absolute!important;left:0!important;bottom:-1px!important;right:0!important;background:inherit!important;padding:2rem 1rem 1rem 1rem!important}.layout_220 .usg_post_custom_field_1{position:absolute!important;left:0!important;top:0!important;bottom:0!important;right:0!important}.layout_220 .usg_post_content_1{text-align:left!important;font-size:12px!important;line-height:1.25!important}<\/style><div class=\"w-grid-list owl-carousel valign_stretch dotstyle_circle navstyle_circle navpos_outside owl-responsive-2000\" style=\"--transition-duration:350ms;\">\t<article class=\"w-grid-item post-223 software type-software status-publish has-post-thumbnail hentry\" data-id=\"223\">\n\t\t<div class=\"w-grid-item-h\">\n\t\t\t\t\t\t<div class=\"w-post-elm post_image usg_post_image_1\"><a href=\"https:\/\/www.mkware.de\/en\/software\/mkcode\/\" aria-label=\"MK|Code\"><img loading=\"lazy\" decoding=\"async\" width=\"940\" height=\"1229\" src=\"https:\/\/www.mkware.de\/wp-content\/uploads\/MKWare_MKCode-979x1280.png\" class=\"attachment-large size-large wp-post-image\" alt=\"MKCode\" srcset=\"https:\/\/www.mkware.de\/wp-content\/uploads\/MKWare_MKCode-979x1280.png 979w, https:\/\/www.mkware.de\/wp-content\/uploads\/MKWare_MKCode-459x600.png 459w, https:\/\/www.mkware.de\/wp-content\/uploads\/MKWare_MKCode.png 1231w\" sizes=\"auto, (max-width: 940px) 100vw, 940px\" \/><\/a><\/div><div class=\"w-vwrapper usg_vwrapper_1 grid_arrow_top align_left valign_top\" style=\"--vwrapper-gap:1.7rem\"><div class=\"w-post-elm post_content usg_post_content_1\"><p>MK|Code allows you to maintain an overview at all times and document your production processes seamlessly. Questions such as \"When was which product manufactured with which materials?\" can be answered quickly and easily. This gives you maximum transparency and informative value - especially in the event of complaints.<\/p>\n<\/div><\/div>\t\t<\/div>\n\t\t\t<\/article>\n\t<article class=\"w-grid-item post-227 software type-software status-publish has-post-thumbnail hentry\" data-id=\"227\">\n\t\t<div class=\"w-grid-item-h\">\n\t\t\t\t\t\t<div class=\"w-post-elm post_image usg_post_image_1\"><a href=\"https:\/\/www.mkware.de\/en\/software\/mkconnect\/\" aria-label=\"MK|Connect\"><img loading=\"lazy\" decoding=\"async\" width=\"940\" height=\"1229\" src=\"https:\/\/www.mkware.de\/wp-content\/uploads\/MKWare_MKConnect-979x1280.png\" class=\"attachment-large size-large wp-post-image\" alt=\"MKConnect\" srcset=\"https:\/\/www.mkware.de\/wp-content\/uploads\/MKWare_MKConnect-979x1280.png 979w, https:\/\/www.mkware.de\/wp-content\/uploads\/MKWare_MKConnect-459x600.png 459w, https:\/\/www.mkware.de\/wp-content\/uploads\/MKWare_MKConnect.png 1231w\" sizes=\"auto, (max-width: 940px) 100vw, 940px\" \/><\/a><\/div><div class=\"w-vwrapper usg_vwrapper_1 grid_arrow_top align_left valign_top\" style=\"--vwrapper-gap:1.7rem\"><div class=\"w-post-elm post_content usg_post_content_1\"><p>MK|Connect networks your machines and systems for seamless data communication. Record, analyze and optimize your production processes efficiently - for maximum transparency and smart production in real time.<\/p>\n<\/div><\/div>\t\t<\/div>\n\t\t\t<\/article>\n\t<article class=\"w-grid-item post-228 software type-software status-publish has-post-thumbnail hentry\" data-id=\"228\">\n\t\t<div class=\"w-grid-item-h\">\n\t\t\t\t\t\t<div class=\"w-post-elm post_image usg_post_image_1\"><a href=\"https:\/\/www.mkware.de\/en\/software\/mklabel\/\" aria-label=\"MK|Label\"><img loading=\"lazy\" decoding=\"async\" width=\"940\" height=\"1229\" src=\"https:\/\/www.mkware.de\/wp-content\/uploads\/MKWare_MKLabel-979x1280.png\" class=\"attachment-large size-large wp-post-image\" alt=\"MKLabel\" srcset=\"https:\/\/www.mkware.de\/wp-content\/uploads\/MKWare_MKLabel-979x1280.png 979w, https:\/\/www.mkware.de\/wp-content\/uploads\/MKWare_MKLabel-459x600.png 459w, https:\/\/www.mkware.de\/wp-content\/uploads\/MKWare_MKLabel.png 1231w\" sizes=\"auto, (max-width: 940px) 100vw, 940px\" \/><\/a><\/div><div class=\"w-vwrapper usg_vwrapper_1 grid_arrow_top align_left valign_top\" style=\"--vwrapper-gap:1.7rem\"><div class=\"w-post-elm post_content usg_post_content_1\"><p>MK|Label facilitates communication between shipper, forwarder and recipient. You always have an overview of your product along the entire production route. A label on the loading unit ensures that transport and product packaging is clearly marked with all relevant content information.<\/p>\n<\/div><\/div>\t\t<\/div>\n\t\t\t<\/article>\n\t<article class=\"w-grid-item post-230 software type-software status-publish has-post-thumbnail hentry\" data-id=\"230\">\n\t\t<div class=\"w-grid-item-h\">\n\t\t\t\t\t\t<div class=\"w-post-elm post_image usg_post_image_1\"><a href=\"https:\/\/www.mkware.de\/en\/software\/mkperformance\/\" aria-label=\"MK|Performance\"><img loading=\"lazy\" decoding=\"async\" width=\"940\" height=\"1229\" src=\"https:\/\/www.mkware.de\/wp-content\/uploads\/MKWare_MKPerformance-979x1280.png\" class=\"attachment-large size-large wp-post-image\" alt=\"MKPerformance\" srcset=\"https:\/\/www.mkware.de\/wp-content\/uploads\/MKWare_MKPerformance-979x1280.png 979w, https:\/\/www.mkware.de\/wp-content\/uploads\/MKWare_MKPerformance-459x600.png 459w, https:\/\/www.mkware.de\/wp-content\/uploads\/MKWare_MKPerformance.png 1231w\" sizes=\"auto, (max-width: 940px) 100vw, 940px\" \/><\/a><\/div><div class=\"w-vwrapper usg_vwrapper_1 grid_arrow_top align_left valign_top\" style=\"--vwrapper-gap:1.7rem\"><div class=\"w-post-elm post_content usg_post_content_1\"><p>MK|Performance optimizes your production processes through real-time measurements and comprehensive analyses. Increase the efficiency of your production, identify bottlenecks at an early stage and maximize the performance of your machines. The ideal solution for high-production companies.<\/p>\n<\/div><\/div>\t\t<\/div>\n\t\t\t<\/article>\n\t<article class=\"w-grid-item post-221 software type-software status-publish has-post-thumbnail hentry\" data-id=\"221\">\n\t\t<div class=\"w-grid-item-h\">\n\t\t\t\t\t\t<div class=\"w-post-elm post_image usg_post_image_1\"><a href=\"https:\/\/www.mkware.de\/en\/software\/mkworkforce\/\" aria-label=\"MK|Workforce\"><img loading=\"lazy\" decoding=\"async\" width=\"940\" height=\"1229\" src=\"https:\/\/www.mkware.de\/wp-content\/uploads\/MKWare_MKWorkforce-979x1280.png\" class=\"attachment-large size-large wp-post-image\" alt=\"MKWorkforce\" srcset=\"https:\/\/www.mkware.de\/wp-content\/uploads\/MKWare_MKWorkforce-979x1280.png 979w, https:\/\/www.mkware.de\/wp-content\/uploads\/MKWare_MKWorkforce-459x600.png 459w, https:\/\/www.mkware.de\/wp-content\/uploads\/MKWare_MKWorkforce.png 1231w\" sizes=\"auto, (max-width: 940px) 100vw, 940px\" \/><\/a><\/div><div class=\"w-vwrapper usg_vwrapper_1 grid_arrow_top align_left valign_top\" style=\"--vwrapper-gap:1.7rem\"><div class=\"w-post-elm post_content usg_post_content_1\"><p>MK|Workforce optimizes your workforce management through digital shift planning, real-time overview and efficient resource allocation. Increase the productivity of your team and reduce planning effort - the smart solution for your workforce management.<\/p>\n<\/div><\/div>\t\t<\/div>\n\t\t\t<\/article>\n<\/div>\t<div class=\"g-preloader type_1\">\n\t\t<div><\/div>\n\t<\/div>\n\t\t<div class=\"w-grid-json hidden\" onclick='return {&quot;action&quot;:&quot;us_ajax_grid&quot;,&quot;infinite_scroll&quot;:0,&quot;max_num_pages&quot;:1,&quot;pagination&quot;:&quot;none&quot;,&quot;template_vars&quot;:{&quot;columns&quot;:&quot;&quot;,&quot;exclude_items&quot;:&quot;none&quot;,&quot;img_size&quot;:&quot;default&quot;,&quot;ignore_items_size&quot;:0,&quot;items_layout&quot;:&quot;220&quot;,&quot;items_offset&quot;:&quot;0px&quot;,&quot;load_animation&quot;:&quot;none&quot;,&quot;overriding_link&quot;:&quot;%7B%22url%22%3A%22%22%7D&quot;,&quot;post_id&quot;:192,&quot;query_args&quot;:{&quot;ignore_sticky_posts&quot;:1,&quot;post_type&quot;:&quot;any&quot;,&quot;post__in&quot;:[&quot;223&quot;,&quot;227&quot;,&quot;228&quot;,&quot;229&quot;,&quot;230&quot;,&quot;221&quot;],&quot;posts_per_page&quot;:&quot;6&quot;},&quot;orderby_query_args&quot;:{&quot;orderby&quot;:{&quot;title&quot;:&quot;ASC&quot;},&quot;order&quot;:&quot;ASC&quot;},&quot;type&quot;:&quot;carousel&quot;,&quot;us_grid_post_type&quot;:&quot;ids&quot;,&quot;us_grid_ajax_index&quot;:1,&quot;us_grid_filter_query_string&quot;:null,&quot;us_grid_index&quot;:1,&quot;page_args&quot;:[]},&quot;carousel_settings&quot;:{&quot;aria_labels&quot;:{&quot;prev&quot;:&quot;Previous&quot;,&quot;next&quot;:&quot;Next&quot;},&quot;autoplayContinual&quot;:false,&quot;autoplayHoverPause&quot;:false,&quot;autoplayTimeout&quot;:3000,&quot;autoWidth&quot;:false,&quot;smartSpeed&quot;:350,&quot;margin&quot;:0,&quot;mouseDrag&quot;:true,&quot;rtl&quot;:false,&quot;slideBy&quot;:&quot;1&quot;,&quot;touchDrag&quot;:true,&quot;slideTransition&quot;:&quot;&quot;,&quot;responsive&quot;:{&quot;0&quot;:{&quot;autoHeight&quot;:false,&quot;autoplay&quot;:false,&quot;autoWidth&quot;:false,&quot;center&quot;:false,&quot;dots&quot;:false,&quot;items&quot;:6,&quot;loop&quot;:false,&quot;nav&quot;:false,&quot;stagePadding&quot;:0,&quot;slideBy&quot;:&quot;1&quot;},&quot;601&quot;:{&quot;autoHeight&quot;:false,&quot;autoplay&quot;:false,&quot;autoWidth&quot;:false,&quot;center&quot;:false,&quot;dots&quot;:false,&quot;items&quot;:6,&quot;loop&quot;:false,&quot;nav&quot;:false,&quot;stagePadding&quot;:0,&quot;slideBy&quot;:&quot;1&quot;},&quot;1025&quot;:{&quot;autoHeight&quot;:false,&quot;autoplay&quot;:false,&quot;autoWidth&quot;:false,&quot;center&quot;:false,&quot;dots&quot;:false,&quot;items&quot;:6,&quot;loop&quot;:false,&quot;nav&quot;:false,&quot;stagePadding&quot;:0,&quot;slideBy&quot;:&quot;1&quot;},&quot;1381&quot;:{&quot;items&quot;:6,&quot;autoplay&quot;:false,&quot;center&quot;:false,&quot;dots&quot;:false,&quot;nav&quot;:false,&quot;autoHeight&quot;:false,&quot;autoWidth&quot;:false,&quot;loop&quot;:false,&quot;stagePadding&quot;:0}}}}'><\/div>\n\t<\/div><div class=\"w-separator size_small\"><\/div><\/div><\/div><\/div><\/div><\/section>\n<\/div><\/div><\/div><\/div><\/section>","protected":false},"excerpt":{"rendered":"Digital workforce scheduling with MK|Workforce. MK|Workforce is the module of the MK|Ware platform that focuses on efficient personnel management on the store floor. It enables digital shift planning, provides a real-time overview of available qualifications, offers resource-saving workforce scheduling - and ensures that only trained personnel operate certain machines. This increases productivity and significantly reduces planning effort. Get one now...","protected":false},"author":7,"featured_media":0,"parent":0,"menu_order":0,"comment_status":"closed","ping_status":"closed","template":"","meta":{"_acf_changed":false,"footnotes":""},"class_list":["post-1425","page","type-page","status-publish","hentry"],"acf":[],"yoast_head":"<!-- This site is optimized with the Yoast SEO plugin v26.3 - https:\/\/yoast.com\/wordpress\/plugins\/seo\/ -->\n<title>\u00dcber Uns | Erfahren Sie mehr \u00fcber MK Ware<\/title>\n<meta name=\"description\" content=\"Erfahren Sie mehr \u00fcber MK Ware, unsere Ziele und unserer Mission. Haben wir Ihr interesse geweckt, dann nehmen Sie gerne Kontakt auf.\" \/>\n<meta name=\"robots\" content=\"index, follow, max-snippet:-1, max-image-preview:large, max-video-preview:-1\" \/>\n<link rel=\"canonical\" href=\"https:\/\/www.mkware.de\/en\/about-mkware\/\" \/>\n<meta property=\"og:locale\" content=\"en_US\" \/>\n<meta property=\"og:type\" content=\"article\" \/>\n<meta property=\"og:title\" content=\"\u00dcber Uns | Erfahren Sie mehr \u00fcber MK Ware\" \/>\n<meta property=\"og:description\" content=\"Erfahren Sie mehr \u00fcber MK Ware, unsere Ziele und unserer Mission. Haben wir Ihr interesse geweckt, dann nehmen Sie gerne Kontakt auf.\" \/>\n<meta property=\"og:url\" content=\"https:\/\/www.mkware.de\/en\/about-mkware\/\" \/>\n<meta property=\"og:site_name\" content=\"MK|Ware\" \/>\n<meta name=\"twitter:card\" content=\"summary_large_image\" \/>\n<meta name=\"twitter:label1\" content=\"Est. reading time\" \/>\n\t<meta name=\"twitter:data1\" content=\"1 minute\" \/>\n<script type=\"application\/ld+json\" class=\"yoast-schema-graph\">{\"@context\":\"https:\/\/schema.org\",\"@graph\":[{\"@type\":\"WebPage\",\"@id\":\"https:\/\/www.mkware.de\/ueber-mkware\/\",\"url\":\"https:\/\/www.mkware.de\/ueber-mkware\/\",\"name\":\"\u00dcber Uns | Erfahren Sie mehr \u00fcber MK Ware\",\"isPartOf\":{\"@id\":\"https:\/\/www.mkware.de\/#website\"},\"datePublished\":\"2026-03-06T07:10:51+00:00\",\"description\":\"Erfahren Sie mehr \u00fcber MK Ware, unsere Ziele und unserer Mission. Haben wir Ihr interesse geweckt, dann nehmen Sie gerne Kontakt auf.\",\"breadcrumb\":{\"@id\":\"https:\/\/www.mkware.de\/ueber-mkware\/#breadcrumb\"},\"inLanguage\":\"en-US\",\"potentialAction\":[{\"@type\":\"ReadAction\",\"target\":[\"https:\/\/www.mkware.de\/ueber-mkware\/\"]}]},{\"@type\":\"BreadcrumbList\",\"@id\":\"https:\/\/www.mkware.de\/ueber-mkware\/#breadcrumb\",\"itemListElement\":[{\"@type\":\"ListItem\",\"position\":1,\"name\":\"Startseite\",\"item\":\"https:\/\/www.mkware.de\/\"},{\"@type\":\"ListItem\",\"position\":2,\"name\":\"\u00dcber MKWare\"}]},{\"@type\":\"WebSite\",\"@id\":\"https:\/\/www.mkware.de\/#website\",\"url\":\"https:\/\/www.mkware.de\/\",\"name\":\"MK|Ware\",\"description\":\"\",\"publisher\":{\"@id\":\"https:\/\/www.mkware.de\/#organization\"},\"potentialAction\":[{\"@type\":\"SearchAction\",\"target\":{\"@type\":\"EntryPoint\",\"urlTemplate\":\"https:\/\/www.mkware.de\/?s={search_term_string}\"},\"query-input\":{\"@type\":\"PropertyValueSpecification\",\"valueRequired\":true,\"valueName\":\"search_term_string\"}}],\"inLanguage\":\"en-US\"},{\"@type\":\"Organization\",\"@id\":\"https:\/\/www.mkware.de\/#organization\",\"name\":\"MK|Ware\",\"url\":\"https:\/\/www.mkware.de\/\",\"logo\":{\"@type\":\"ImageObject\",\"inLanguage\":\"en-US\",\"@id\":\"https:\/\/www.mkware.de\/#\/schema\/logo\/image\/\",\"url\":\"https:\/\/www.mkware.de\/wp-content\/uploads\/mkware-logo.png\",\"contentUrl\":\"https:\/\/www.mkware.de\/wp-content\/uploads\/mkware-logo.png\",\"width\":1200,\"height\":306,\"caption\":\"MK|Ware\"},\"image\":{\"@id\":\"https:\/\/www.mkware.de\/#\/schema\/logo\/image\/\"}}]}<\/script>\n<!-- \/ Yoast SEO plugin. -->","yoast_head_json":{"title":"About us | Learn more about MK Ware","description":"Find out more about MK Ware, our goals and our mission. If we have aroused your interest, please do not hesitate to contact us.","robots":{"index":"index","follow":"follow","max-snippet":"max-snippet:-1","max-image-preview":"max-image-preview:large","max-video-preview":"max-video-preview:-1"},"canonical":"https:\/\/www.mkware.de\/en\/about-mkware\/","og_locale":"en_US","og_type":"article","og_title":"\u00dcber Uns | Erfahren Sie mehr \u00fcber MK Ware","og_description":"Erfahren Sie mehr \u00fcber MK Ware, unsere Ziele und unserer Mission. Haben wir Ihr interesse geweckt, dann nehmen Sie gerne Kontakt auf.","og_url":"https:\/\/www.mkware.de\/en\/about-mkware\/","og_site_name":"MK|Ware","twitter_card":"summary_large_image","twitter_misc":{"Est. reading time":"1 minute"},"schema":{"@context":"https:\/\/schema.org","@graph":[{"@type":"WebPage","@id":"https:\/\/www.mkware.de\/ueber-mkware\/","url":"https:\/\/www.mkware.de\/ueber-mkware\/","name":"About us | Learn more about MK Ware","isPartOf":{"@id":"https:\/\/www.mkware.de\/#website"},"datePublished":"2026-03-06T07:10:51+00:00","description":"Find out more about MK Ware, our goals and our mission. If we have aroused your interest, please do not hesitate to contact us.","breadcrumb":{"@id":"https:\/\/www.mkware.de\/ueber-mkware\/#breadcrumb"},"inLanguage":"en-US","potentialAction":[{"@type":"ReadAction","target":["https:\/\/www.mkware.de\/ueber-mkware\/"]}]},{"@type":"BreadcrumbList","@id":"https:\/\/www.mkware.de\/ueber-mkware\/#breadcrumb","itemListElement":[{"@type":"ListItem","position":1,"name":"Startseite","item":"https:\/\/www.mkware.de\/"},{"@type":"ListItem","position":2,"name":"\u00dcber MKWare"}]},{"@type":"WebSite","@id":"https:\/\/www.mkware.de\/#website","url":"https:\/\/www.mkware.de\/","name":"MK|Ware","description":"","publisher":{"@id":"https:\/\/www.mkware.de\/#organization"},"potentialAction":[{"@type":"SearchAction","target":{"@type":"EntryPoint","urlTemplate":"https:\/\/www.mkware.de\/?s={search_term_string}"},"query-input":{"@type":"PropertyValueSpecification","valueRequired":true,"valueName":"search_term_string"}}],"inLanguage":"en-US"},{"@type":"Organization","@id":"https:\/\/www.mkware.de\/#organization","name":"MK|Ware","url":"https:\/\/www.mkware.de\/","logo":{"@type":"ImageObject","inLanguage":"en-US","@id":"https:\/\/www.mkware.de\/#\/schema\/logo\/image\/","url":"https:\/\/www.mkware.de\/wp-content\/uploads\/mkware-logo.png","contentUrl":"https:\/\/www.mkware.de\/wp-content\/uploads\/mkware-logo.png","width":1200,"height":306,"caption":"MK|Ware"},"image":{"@id":"https:\/\/www.mkware.de\/#\/schema\/logo\/image\/"}}]}},"_links":{"self":[{"href":"https:\/\/www.mkware.de\/en\/wp-json\/wp\/v2\/pages\/1425","targetHints":{"allow":["GET"]}}],"collection":[{"href":"https:\/\/www.mkware.de\/en\/wp-json\/wp\/v2\/pages"}],"about":[{"href":"https:\/\/www.mkware.de\/en\/wp-json\/wp\/v2\/types\/page"}],"author":[{"embeddable":true,"href":"https:\/\/www.mkware.de\/en\/wp-json\/wp\/v2\/users\/7"}],"replies":[{"embeddable":true,"href":"https:\/\/www.mkware.de\/en\/wp-json\/wp\/v2\/comments?post=1425"}],"version-history":[{"count":4,"href":"https:\/\/www.mkware.de\/en\/wp-json\/wp\/v2\/pages\/1425\/revisions"}],"predecessor-version":[{"id":1430,"href":"https:\/\/www.mkware.de\/en\/wp-json\/wp\/v2\/pages\/1425\/revisions\/1430"}],"wp:attachment":[{"href":"https:\/\/www.mkware.de\/en\/wp-json\/wp\/v2\/media?parent=1425"}],"curies":[{"name":"wp","href":"https:\/\/api.w.org\/{rel}","templated":true}]}}