{"id":23,"date":"2024-08-20T13:10:41","date_gmt":"2024-08-20T11:10:41","guid":{"rendered":"https:\/\/mkw.mosaik-management.de\/?page_id=23"},"modified":"2024-11-19T13:05:45","modified_gmt":"2024-11-19T12:05:45","slug":"contact","status":"publish","type":"page","link":"https:\/\/www.mkware.de\/en\/contact\/","title":{"rendered":"Contact"},"content":{"rendered":"<section class=\"l-section wpb_row height_large\"><div class=\"l-section-h i-cf\"><div class=\"g-cols vc_row via_grid cols_1 laptops-cols_inherit tablets-cols_inherit mobiles-cols_1 valign_top type_default stacking_default\"><div class=\"wpb_column vc_column_container\"><div class=\"vc_column-inner\"><div class=\"g-cols wpb_row via_grid cols_1-3 laptops-cols_inherit tablets-cols_inherit mobiles-cols_1 valign_top type_default stacking_default\" style=\"--columns-gap:3rem;\"><div class=\"wpb_column vc_column_container\"><div class=\"vc_column-inner\"><div class=\"w-image align_none\"><div class=\"w-image-h\"><img decoding=\"async\" width=\"617\" height=\"617\" src=\"https:\/\/www.mkware.de\/wp-content\/uploads\/mkw-online-3-1.png\" class=\"attachment-large size-large\" alt=\"Arrange an appointment online now\" loading=\"lazy\" srcset=\"https:\/\/www.mkware.de\/wp-content\/uploads\/mkw-online-3-1.png 617w, https:\/\/www.mkware.de\/wp-content\/uploads\/mkw-online-3-1-600x600.png 600w, https:\/\/www.mkware.de\/wp-content\/uploads\/mkw-online-3-1-150x150.png 150w, https:\/\/www.mkware.de\/wp-content\/uploads\/mkw-online-3-1-400x400.png 400w\" sizes=\"auto, (max-width: 617px) 100vw, 617px\" \/><\/div><\/div><\/div><\/div><div class=\"wpb_column vc_column_container\"><div class=\"vc_column-inner\"><div class=\"wpb_text_column\"><div class=\"wpb_wrapper\"><h1>Still <m-k>Questions?<\/m-k><\/h1>\n<p>Do you have any questions about MK|Ware products? Feel free to write to me using the contact form - or book an online appointment using the calendar below.<\/p>\n<\/div><\/div><\/div><\/div><\/div><\/div><\/div><\/div><\/div><\/section><section class=\"l-section wpb_row height_small\"><div class=\"l-section-h i-cf\"><div class=\"g-cols vc_row via_grid cols_1 laptops-cols_inherit tablets-cols_inherit mobiles-cols_1 valign_top type_default stacking_default\"><div class=\"wpb_column vc_column_container\"><div class=\"vc_column-inner\"><div class=\"wpb_text_column\"><div class=\"wpb_wrapper\"><div class=\"forminator-ui forminator-custom-form forminator-custom-form-584 forminator-design--flat  forminator_ajax\" data-forminator-render=\"0\" data-form=\"forminator-module-584\" data-uid=\"69e09ded975a7\"><br\/><\/div><form\n\t\t\t\tid=\"forminator-module-584\"\n\t\t\t\tclass=\"forminator-ui forminator-custom-form forminator-custom-form-584 forminator-design--flat  forminator_ajax\"\n\t\t\t\tmethod=\"post\"\n\t\t\t\tdata-forminator-render=\"0\"\n\t\t\t\tdata-form-id=\"584\"\n\t\t\t\t data-color-option=\"default\" data-design=\"flat\" data-grid=\"open\" style=\"display: none;\"\n\t\t\t\tdata-uid=\"69e09ded975a7\" action=\"\"\n\t\t\t><div role=\"alert\" aria-live=\"polite\" class=\"forminator-response-message forminator-error\" aria-hidden=\"true\"><\/div><div class=\"forminator-row\"><div id=\"name-1\" class=\"forminator-field-name forminator-col forminator-col-6\"><div class=\"forminator-row forminator-no-margin\" data-multiple=\"true\"><div class=\"forminator-col forminator-col-md-6\"><div class=\"forminator-field\"><label for=\"forminator-field-first-name-1_69e09ded975a7\" id=\"forminator-field-first-name-1_69e09ded975a7-label\" class=\"forminator-label\">First name <span class=\"forminator-required\">*<\/span><\/label><input type=\"text\" name=\"name-1-first-name\" placeholder=\"\" id=\"forminator-field-first-name-1_69e09ded975a7\" class=\"forminator-input\" aria-required=\"true\" data-multi=\"1\" autocomplete=\"given-name\" value=\"\" \/><\/div><\/div><div class=\"forminator-col forminator-col-md-6\"><div class=\"forminator-field\"><label for=\"forminator-field-last-name-1_69e09ded975a7\" id=\"forminator-field-last-name-1_69e09ded975a7-label\" class=\"forminator-label\">Last name <span class=\"forminator-required\">*<\/span><\/label><input type=\"text\" name=\"name-1-last-name\" placeholder=\"\" id=\"forminator-field-last-name-1_69e09ded975a7\" class=\"forminator-input\" aria-required=\"true\" data-multi=\"1\" autocomplete=\"family-name\" value=\"\" \/><\/div><\/div><\/div><\/div><div id=\"text-1\" class=\"forminator-field-text forminator-col forminator-col-6\"><div class=\"forminator-field\"><label for=\"forminator-field-text-1_69e09ded975a7\" id=\"forminator-field-text-1_69e09ded975a7-label\" class=\"forminator-label\">The company<\/label><input type=\"text\" name=\"text-1\" value=\"\" placeholder=\"\" id=\"forminator-field-text-1_69e09ded975a7\" class=\"forminator-input forminator-name--field\" data-required=\"\" \/><\/div><\/div><\/div><div class=\"forminator-row\"><div id=\"email-1\" class=\"forminator-field-email forminator-col forminator-col-6\"><div class=\"forminator-field\"><label for=\"forminator-field-email-1_69e09ded975a7\" id=\"forminator-field-email-1_69e09ded975a7-label\" class=\"forminator-label\">E-mail address <span class=\"forminator-required\">*<\/span><\/label><input type=\"email\" name=\"email-1\" value=\"\" placeholder=\"\" id=\"forminator-field-email-1_69e09ded975a7\" class=\"forminator-input forminator-email--field\" data-required=\"true\" aria-required=\"true\" autocomplete=\"email\" \/><\/div><\/div><div id=\"phone-1\" class=\"forminator-field-phone forminator-col forminator-col-6\"><div class=\"forminator-field\"><label for=\"forminator-field-phone-1_69e09ded975a7\" id=\"forminator-field-phone-1_69e09ded975a7-label\" class=\"forminator-label\">Phone number<\/label><input type=\"text\" name=\"phone-1\" value=\"\" placeholder=\"\" id=\"forminator-field-phone-1_69e09ded975a7\" class=\"forminator-input forminator-field--phone\" data-required=\"\" aria-required=\"false\" autocomplete=\"off\" \/><\/div><\/div><\/div><div class=\"forminator-row\"><div id=\"textarea-1\" class=\"forminator-field-textarea forminator-col forminator-col-12\"><div class=\"forminator-field\"><label for=\"forminator-field-textarea-1_69e09ded975a7\" id=\"forminator-field-textarea-1_69e09ded975a7-label\" class=\"forminator-label\">Your message to us <span class=\"forminator-required\">*<\/span><\/label><textarea name=\"textarea-1\" placeholder=\"\" id=\"forminator-field-textarea-1_69e09ded975a7\" class=\"forminator-textarea\" rows=\"6\" style=\"min-height:140px;\" ><\/textarea><span id=\"forminator-field-textarea-1_69e09ded975a7-description\" class=\"forminator-description\"><span data-limit=\"180\" data-type=\"words\" data-editor=\"\">0 \/ 180<\/span><\/span><\/div><\/div><\/div><div class=\"forminator-row\"><div id=\"consent-1\" class=\"forminator-field-consent forminator-col forminator-col-12\"><div class=\"forminator-field\"><label for=\"forminator-field-consent-1_69e09ded975a7\" id=\"forminator-field-consent-1_69e09ded975a7-label\" class=\"forminator-label\">GDPR consent <span class=\"forminator-required\">*<\/span><\/label><div class=\"forminator-checkbox__wrapper\"><label id=\"forminator-field-consent-1_69e09ded975a7__label\" class=\"forminator-checkbox forminator-consent\" aria-labelledby=\"forminator-field-consent-1_69e09ded975a7-label\" aria-hidden=\"true\"><input type=\"checkbox\" name=\"consent-1\" id=\"forminator-field-consent-1_69e09ded975a7\" value=\"checked\" aria-labelledby=\"forminator-field-consent-1_69e09ded975a7-label\" aria-describedby=\"forminator-field-consent-1_69e09ded975a7__description\" data-required=\"true\" aria-required=\"true\" \/><span class=\"forminator-checkbox-box\" aria-hidden=\"true\"><\/span><\/label><div id=\"forminator-field-consent-1_69e09ded975a7__description\" class=\"forminator-checkbox__label forminator-consent__label\"><p>By submitting this form, I confirm that I have read the <a rel=\"noopener\" target=\"_blank\" href=\"\/en\/data-protection\/\">Privacy policy<\/a> and accept them.&nbsp;<br>Yes, I would like to receive further information from MK|Ware and agree to the processing of my data by MK|Ware.<\/p><\/div><\/div><\/div><\/div><\/div><div class=\"forminator-row\"><div id=\"captcha-1\" class=\"forminator-field-captcha forminator-col forminator-col-12\"><div class=\"forminator-captcha-left forminator-hcaptcha\" data-theme=\"light\"  data-sitekey=\"52101d46-6f90-4362-9eb8-0efaf638b9ca\" data-size=\"normal\"><\/div> <\/div><\/div><input type=\"hidden\" name=\"referer_url\" value=\"\" \/><div class=\"forminator-row forminator-row-last\"><div class=\"forminator-col\"><div class=\"forminator-field\"><button class=\"forminator-button forminator-button-submit\">Send message<\/button><\/div><\/div><\/div><input type=\"hidden\" id=\"forminator_nonce\" name=\"forminator_nonce\" value=\"154d703016\" \/><input type=\"hidden\" name=\"_wp_http_referer\" value=\"\/en\/wp-json\/wp\/v2\/pages\/23\" \/><input type=\"hidden\" name=\"form_id\" value=\"584\"><input type=\"hidden\" name=\"page_id\" value=\"23\"><input type=\"hidden\" name=\"form_type\" value=\"default\"><input type=\"hidden\" name=\"current_url\" value=\"https:\/\/www.mkware.de\/en\/contact\/\"><input type=\"hidden\" name=\"render_id\" value=\"0\"><input type=\"hidden\" name=\"action\" value=\"forminator_submit_form_custom-forms\"><input type=\"hidden\" name=\"trp-form-language\" value=\"en\"\/><\/form>\n<\/div><\/div><\/div><\/div><\/div><\/div><\/section><section class=\"l-section wpb_row height_large\"><div class=\"l-section-h i-cf\"><div class=\"g-cols vc_row via_grid cols_1 laptops-cols_inherit tablets-cols_inherit mobiles-cols_1 valign_top type_default stacking_default\"><div class=\"wpb_column vc_column_container\"><div class=\"vc_column-inner\"><div class=\"wpb_text_column\"><div class=\"wpb_wrapper\"><h2>Book a <m-k>virtual coffee.<\/m-k><\/h2>\n<\/div><\/div><div class=\"wpb_text_column\"><div class=\"wpb_wrapper\">\n<script>\n  if (typeof hasAmeliaEntitiesApiCall === 'undefined' && ('' === '' && '' !== '1')) {\n    var hasAmeliaEntitiesApiCall = true;\n  }\n  var ameliaShortcodeData = (typeof ameliaShortcodeData === 'undefined') ? [] : ameliaShortcodeData;\n  ameliaShortcodeData.push(\n    {\n      'hasApiCall': (typeof hasAmeliaEntitiesApiCall !== 'undefined') && hasAmeliaEntitiesApiCall,\n      'trigger': '',\n      'trigger_type': '',\n      'triggered_form': 'sbsNew',\n      'in_dialog': '',\n      'show': '',\n      'counter': '1000',\n      'category': '',\n      'service': '',\n      'employee': '',\n      'location': '',\n      'package': '',\n      'layout': '',\n    }\n  );\n\n  var ameliaShortcodeDataTriggered = (typeof ameliaShortcodeDataTriggered === 'undefined') ? [] : ameliaShortcodeDataTriggered;\n  if (ameliaShortcodeData[ameliaShortcodeData.length - 1].trigger !== '') {\n    if (ameliaShortcodeDataTriggered.filter(a => a.counter === ameliaShortcodeData[ameliaShortcodeData.length - 1].counter).length === 0) {\n      ameliaShortcodeDataTriggered.push(ameliaShortcodeData.pop());\n    } else {\n      ameliaShortcodeData.pop()\n    }\n  }\n  if (typeof hasAmeliaEntitiesApiCall !== 'undefined' && hasAmeliaEntitiesApiCall) {\n    hasAmeliaEntitiesApiCall = false;\n  }\n<\/script>\n\n<div\n  id=\"amelia-v2-booking-1000\"\n  class=\"amelia-v2-booking\"\n >\n    <step-form-wrapper><\/step-form-wrapper><\/div>\n\n<\/div><\/div><\/div><\/div><\/div><\/div><\/section>","protected":false},"excerpt":{"rendered":"Any questions? Do you have any questions about MK|Ware products? Feel free to write to me using the contact form - or book an online appointment using the calendar below. First name *Last name *CompanyEmail address *Telephone numberYour message to us *0 \/ 180DSGVO consent *By submitting this form, I confirm that I have read the privacy policy and accept it. Yes, I would like to...","protected":false},"author":1,"featured_media":0,"parent":0,"menu_order":0,"comment_status":"closed","ping_status":"closed","template":"","meta":{"_acf_changed":false,"footnotes":""},"class_list":["post-23","page","type-page","status-publish","hentry"],"acf":[],"yoast_head":"<!-- This site is optimized with the Yoast SEO plugin v26.3 - https:\/\/yoast.com\/wordpress\/plugins\/seo\/ -->\n<title>Kontakt zu MK|Ware \u2013 Ihre Experten f\u00fcr individuelle IT-L\u00f6sungen<\/title>\n<meta name=\"description\" content=\"Kontaktieren Sie uns \u00fcber unser Kontaktformular \u2714 unkompliziert \u2714 unverbindlich \u00bb wir freuen uns auf Ihre Anfrage!\" \/>\n<meta name=\"robots\" content=\"index, follow, max-snippet:-1, max-image-preview:large, max-video-preview:-1\" \/>\n<link rel=\"canonical\" href=\"https:\/\/www.mkware.de\/en\/contact\/\" \/>\n<meta property=\"og:locale\" content=\"en_US\" \/>\n<meta property=\"og:type\" content=\"article\" \/>\n<meta property=\"og:title\" content=\"Kontakt zu MK|Ware \u2013 Ihre Experten f\u00fcr individuelle IT-L\u00f6sungen\" \/>\n<meta property=\"og:description\" content=\"Kontaktieren Sie uns \u00fcber unser Kontaktformular \u2714 unkompliziert \u2714 unverbindlich \u00bb wir freuen uns auf Ihre Anfrage!\" \/>\n<meta property=\"og:url\" content=\"https:\/\/www.mkware.de\/en\/contact\/\" \/>\n<meta property=\"og:site_name\" content=\"MK|Ware\" \/>\n<meta property=\"article:modified_time\" content=\"2024-11-19T12:05:45+00:00\" \/>\n<meta name=\"twitter:card\" content=\"summary_large_image\" \/>\n<meta name=\"twitter:label1\" content=\"Est. reading time\" \/>\n\t<meta name=\"twitter:data1\" content=\"1 minute\" \/>\n<script type=\"application\/ld+json\" class=\"yoast-schema-graph\">{\"@context\":\"https:\/\/schema.org\",\"@graph\":[{\"@type\":\"WebPage\",\"@id\":\"https:\/\/www.mkware.de\/kontakt\/\",\"url\":\"https:\/\/www.mkware.de\/kontakt\/\",\"name\":\"Kontakt zu MK|Ware \u2013 Ihre Experten f\u00fcr individuelle IT-L\u00f6sungen\",\"isPartOf\":{\"@id\":\"https:\/\/www.mkware.de\/#website\"},\"datePublished\":\"2024-08-20T11:10:41+00:00\",\"dateModified\":\"2024-11-19T12:05:45+00:00\",\"description\":\"Kontaktieren Sie uns \u00fcber unser Kontaktformular \u2714 unkompliziert \u2714 unverbindlich \u00bb wir freuen uns auf Ihre Anfrage!\",\"breadcrumb\":{\"@id\":\"https:\/\/www.mkware.de\/kontakt\/#breadcrumb\"},\"inLanguage\":\"en-US\",\"potentialAction\":[{\"@type\":\"ReadAction\",\"target\":[\"https:\/\/www.mkware.de\/kontakt\/\"]}]},{\"@type\":\"BreadcrumbList\",\"@id\":\"https:\/\/www.mkware.de\/kontakt\/#breadcrumb\",\"itemListElement\":[{\"@type\":\"ListItem\",\"position\":1,\"name\":\"Startseite\",\"item\":\"https:\/\/www.mkware.de\/\"},{\"@type\":\"ListItem\",\"position\":2,\"name\":\"Kontakt\"}]},{\"@type\":\"WebSite\",\"@id\":\"https:\/\/www.mkware.de\/#website\",\"url\":\"https:\/\/www.mkware.de\/\",\"name\":\"MK|Ware\",\"description\":\"\",\"publisher\":{\"@id\":\"https:\/\/www.mkware.de\/#organization\"},\"potentialAction\":[{\"@type\":\"SearchAction\",\"target\":{\"@type\":\"EntryPoint\",\"urlTemplate\":\"https:\/\/www.mkware.de\/?s={search_term_string}\"},\"query-input\":{\"@type\":\"PropertyValueSpecification\",\"valueRequired\":true,\"valueName\":\"search_term_string\"}}],\"inLanguage\":\"en-US\"},{\"@type\":\"Organization\",\"@id\":\"https:\/\/www.mkware.de\/#organization\",\"name\":\"MK|Ware\",\"url\":\"https:\/\/www.mkware.de\/\",\"logo\":{\"@type\":\"ImageObject\",\"inLanguage\":\"en-US\",\"@id\":\"https:\/\/www.mkware.de\/#\/schema\/logo\/image\/\",\"url\":\"https:\/\/www.mkware.de\/wp-content\/uploads\/mkware-logo.png\",\"contentUrl\":\"https:\/\/www.mkware.de\/wp-content\/uploads\/mkware-logo.png\",\"width\":1200,\"height\":306,\"caption\":\"MK|Ware\"},\"image\":{\"@id\":\"https:\/\/www.mkware.de\/#\/schema\/logo\/image\/\"}}]}<\/script>\n<!-- \/ Yoast SEO plugin. -->","yoast_head_json":{"title":"Contact MK|Ware - Your experts for customized IT solutions","description":"Contact us via our contact form \u2714 uncomplicated \u2714 non-binding \" we look forward to hearing from you!","robots":{"index":"index","follow":"follow","max-snippet":"max-snippet:-1","max-image-preview":"max-image-preview:large","max-video-preview":"max-video-preview:-1"},"canonical":"https:\/\/www.mkware.de\/en\/contact\/","og_locale":"en_US","og_type":"article","og_title":"Kontakt zu MK|Ware \u2013 Ihre Experten f\u00fcr individuelle IT-L\u00f6sungen","og_description":"Kontaktieren Sie uns \u00fcber unser Kontaktformular \u2714 unkompliziert \u2714 unverbindlich \u00bb wir freuen uns auf Ihre Anfrage!","og_url":"https:\/\/www.mkware.de\/en\/contact\/","og_site_name":"MK|Ware","article_modified_time":"2024-11-19T12:05:45+00:00","twitter_card":"summary_large_image","twitter_misc":{"Est. reading time":"1 minute"},"schema":{"@context":"https:\/\/schema.org","@graph":[{"@type":"WebPage","@id":"https:\/\/www.mkware.de\/kontakt\/","url":"https:\/\/www.mkware.de\/kontakt\/","name":"Contact MK|Ware - Your experts for customized IT solutions","isPartOf":{"@id":"https:\/\/www.mkware.de\/#website"},"datePublished":"2024-08-20T11:10:41+00:00","dateModified":"2024-11-19T12:05:45+00:00","description":"Contact us via our contact form \u2714 uncomplicated \u2714 non-binding \" we look forward to hearing from you!","breadcrumb":{"@id":"https:\/\/www.mkware.de\/kontakt\/#breadcrumb"},"inLanguage":"en-US","potentialAction":[{"@type":"ReadAction","target":["https:\/\/www.mkware.de\/kontakt\/"]}]},{"@type":"BreadcrumbList","@id":"https:\/\/www.mkware.de\/kontakt\/#breadcrumb","itemListElement":[{"@type":"ListItem","position":1,"name":"Startseite","item":"https:\/\/www.mkware.de\/"},{"@type":"ListItem","position":2,"name":"Kontakt"}]},{"@type":"WebSite","@id":"https:\/\/www.mkware.de\/#website","url":"https:\/\/www.mkware.de\/","name":"MK|Ware","description":"","publisher":{"@id":"https:\/\/www.mkware.de\/#organization"},"potentialAction":[{"@type":"SearchAction","target":{"@type":"EntryPoint","urlTemplate":"https:\/\/www.mkware.de\/?s={search_term_string}"},"query-input":{"@type":"PropertyValueSpecification","valueRequired":true,"valueName":"search_term_string"}}],"inLanguage":"en-US"},{"@type":"Organization","@id":"https:\/\/www.mkware.de\/#organization","name":"MK|Ware","url":"https:\/\/www.mkware.de\/","logo":{"@type":"ImageObject","inLanguage":"en-US","@id":"https:\/\/www.mkware.de\/#\/schema\/logo\/image\/","url":"https:\/\/www.mkware.de\/wp-content\/uploads\/mkware-logo.png","contentUrl":"https:\/\/www.mkware.de\/wp-content\/uploads\/mkware-logo.png","width":1200,"height":306,"caption":"MK|Ware"},"image":{"@id":"https:\/\/www.mkware.de\/#\/schema\/logo\/image\/"}}]}},"_links":{"self":[{"href":"https:\/\/www.mkware.de\/en\/wp-json\/wp\/v2\/pages\/23","targetHints":{"allow":["GET"]}}],"collection":[{"href":"https:\/\/www.mkware.de\/en\/wp-json\/wp\/v2\/pages"}],"about":[{"href":"https:\/\/www.mkware.de\/en\/wp-json\/wp\/v2\/types\/page"}],"author":[{"embeddable":true,"href":"https:\/\/www.mkware.de\/en\/wp-json\/wp\/v2\/users\/1"}],"replies":[{"embeddable":true,"href":"https:\/\/www.mkware.de\/en\/wp-json\/wp\/v2\/comments?post=23"}],"version-history":[{"count":0,"href":"https:\/\/www.mkware.de\/en\/wp-json\/wp\/v2\/pages\/23\/revisions"}],"wp:attachment":[{"href":"https:\/\/www.mkware.de\/en\/wp-json\/wp\/v2\/media?parent=23"}],"curies":[{"name":"wp","href":"https:\/\/api.w.org\/{rel}","templated":true}]}}