{"id":438,"date":"2024-09-10T15:43:16","date_gmt":"2024-09-10T13:43:16","guid":{"rendered":"https:\/\/mkw.mosaik-management.de\/?page_id=438"},"modified":"2025-11-03T07:58:55","modified_gmt":"2025-11-03T06:58:55","slug":"lexicon","status":"publish","type":"page","link":"https:\/\/www.mkware.de\/en\/lexicon\/","title":{"rendered":"Technical lexicon"},"content":{"rendered":"<section class=\"l-section wpb_row us_custom_c70c97eb height_medium full_height valign_center\"><div class=\"l-section-h i-cf\"><div class=\"g-cols vc_row via_grid cols_1 laptops-cols_inherit tablets-cols_inherit mobiles-cols_1 valign_top type_default stacking_default\"><div class=\"wpb_column vc_column_container\"><div class=\"vc_column-inner\"><div class=\"g-cols wpb_row via_grid cols_1 laptops-cols_inherit tablets-cols_inherit mobiles-cols_1 valign_top type_default stacking_default\" style=\"--columns-gap:3rem;\"><div class=\"wpb_column vc_column_container\"><div class=\"vc_column-inner\"><div class=\"wpb_text_column\"><div class=\"wpb_wrapper\"><h1>Lexicon<\/h1>\n<\/div><\/div><div class=\"wpb_text_column\"><div class=\"wpb_wrapper\"><p>Our MK|Ware lexicon offers you compact and comprehensible explanations of key terms from the world of <a href=\"\/en\/lexicon\/mes\/\"><strong>Manufacturing Execution Systems (MES)<\/strong><\/a> and digital manufacturing. From production control and quality assurance to data integration - specialist topics are explained in a practical way here.<\/p>\n<p>The lexicon helps to categorize terms and gain a quick overview of important Industry 4.0 concepts. Whether you are a beginner or an expert - here you will find sound information for everyday work in the manufacturing industry.<\/p>\n<\/div><\/div><\/div><\/div><\/div><div class=\"g-cols wpb_row us_custom_532377d0 via_grid cols_2 laptops-cols_inherit tablets-cols_inherit mobiles-cols_1 valign_top type_default stacking_default\" style=\"--columns-gap:3rem;\"><div class=\"wpb_column vc_column_container\"><div class=\"vc_column-inner\"><div class=\"wpb_text_column\"><div class=\"wpb_wrapper\"><h2>A-G<\/h2>\n<\/div><\/div><div class=\"w-separator size_medium with_line width_default thick_1 style_solid color_secondary align_center\"><div class=\"w-separator-h\"><\/div><\/div><div class=\"w-iconbox us_custom_3090c82c iconpos_left style_default color_primary align_left no_title\"><div class=\"w-iconbox-icon\" style=\"font-size:1rem;\"><i class=\"fas fa-chevron-right\"><\/i><\/div><div class=\"w-iconbox-meta\"><div class=\"w-iconbox-text\"><p><a title=\"Production data acquisition\" href=\"\/en\/lexicon\/pda\/\">Production data acquisition<\/a><\/p>\n<\/div><\/div><\/div><div class=\"w-iconbox us_custom_3090c82c iconpos_left style_default color_primary align_left no_title\"><div class=\"w-iconbox-icon\" style=\"font-size:1rem;\"><i class=\"fas fa-chevron-right\"><\/i><\/div><div class=\"w-iconbox-meta\"><div class=\"w-iconbox-text\"><p><a title=\"Batch tracing\" href=\"\/en\/lexicon\/batch-traceability\/\">Batch tracing<\/a><\/p>\n<\/div><\/div><\/div><div class=\"w-iconbox iconpos_left style_default color_primary align_left no_title\"><div class=\"w-iconbox-icon\" style=\"font-size:1rem;\"><i class=\"fas fa-chevron-right\"><\/i><\/div><div class=\"w-iconbox-meta\"><div class=\"w-iconbox-text\"><p><a title=\"Digital store floor management\" href=\"https:\/\/www.mkware.de\/en\/lexicon\/digital-shopfloor-management\/\">Digital store floor management<\/a><\/p>\n<\/div><\/div><\/div><\/div><\/div><div class=\"wpb_column vc_column_container\"><div class=\"vc_column-inner\"><div class=\"wpb_text_column\"><div class=\"wpb_wrapper\"><h2>H-M<\/h2>\n<\/div><\/div><div class=\"w-separator size_medium with_line width_default thick_1 style_solid color_secondary align_center\"><div class=\"w-separator-h\"><\/div><\/div><div class=\"w-iconbox us_custom_3090c82c iconpos_left style_default color_primary align_left no_title\"><div class=\"w-iconbox-icon\" style=\"font-size:1rem;\"><i class=\"fas fa-chevron-right\"><\/i><\/div><div class=\"w-iconbox-meta\"><div class=\"w-iconbox-text\"><p><a title=\"Lean management\" href=\"\/en\/lexicon\/lean-management\/\">Lean management<\/a><\/p>\n<\/div><\/div><\/div><div class=\"w-iconbox us_custom_3090c82c iconpos_left style_default color_primary align_left no_title\"><div class=\"w-iconbox-icon\" style=\"font-size:1rem;\"><i class=\"fas fa-chevron-right\"><\/i><\/div><div class=\"w-iconbox-meta\"><div class=\"w-iconbox-text\"><p><a title=\"Machine connection\" href=\"\/en\/lexicon\/machine-connection\/\">Machine connection<\/a><\/p>\n<\/div><\/div><\/div><div class=\"w-iconbox us_custom_3090c82c iconpos_left style_default color_primary align_left no_title\"><div class=\"w-iconbox-icon\" style=\"font-size:1rem;\"><i class=\"fas fa-chevron-right\"><\/i><\/div><div class=\"w-iconbox-meta\"><div class=\"w-iconbox-text\"><p><a title=\"Machine data acquisition\" href=\"\/en\/lexicon\/machine-data-collection\/\">Machine data acquisition<\/a><\/p>\n<\/div><\/div><\/div><div class=\"w-iconbox us_custom_3090c82c iconpos_left style_default color_primary align_left no_title\"><div class=\"w-iconbox-icon\" style=\"font-size:1rem;\"><i class=\"fas fa-chevron-right\"><\/i><\/div><div class=\"w-iconbox-meta\"><div class=\"w-iconbox-text\"><p><a title=\"Machine planning\" href=\"\/en\/lexicon\/machine-planning\/\">Machine planning<\/a><\/p>\n<\/div><\/div><\/div><div class=\"w-iconbox iconpos_left style_default color_primary align_left no_title\"><div class=\"w-iconbox-icon\" style=\"font-size:1rem;\"><i class=\"fas fa-chevron-right\"><\/i><\/div><div class=\"w-iconbox-meta\"><div class=\"w-iconbox-text\"><p><a title=\"MES\" href=\"\/en\/lexicon\/mes\/\">MES<\/a><\/p>\n<\/div><\/div><\/div><\/div><\/div><\/div><div class=\"g-cols wpb_row us_custom_532377d0 via_grid cols_2 laptops-cols_inherit tablets-cols_inherit mobiles-cols_1 valign_top type_default stacking_default\" style=\"--columns-gap:3rem;\"><div class=\"wpb_column vc_column_container\"><div class=\"vc_column-inner\"><div class=\"wpb_text_column\"><div class=\"wpb_wrapper\"><h2>N-T<\/h2>\n<\/div><\/div><div class=\"w-separator size_medium with_line width_default thick_1 style_solid color_secondary align_center\"><div class=\"w-separator-h\"><\/div><\/div><div class=\"w-iconbox us_custom_3090c82c iconpos_left style_default color_primary align_left no_title\"><div class=\"w-iconbox-icon\" style=\"font-size:1rem;\"><i class=\"fas fa-chevron-right\"><\/i><\/div><div class=\"w-iconbox-meta\"><div class=\"w-iconbox-text\"><p><a title=\"OEE\" href=\"\/en\/lexicon\/oee\/\">OEE<\/a><\/p>\n<\/div><\/div><\/div><div class=\"w-iconbox us_custom_3090c82c iconpos_left style_default color_primary align_left no_title\"><div class=\"w-iconbox-icon\" style=\"font-size:1rem;\"><i class=\"fas fa-chevron-right\"><\/i><\/div><div class=\"w-iconbox-meta\"><div class=\"w-iconbox-text\"><p><a title=\"Personnel deployment planning\" href=\"\/en\/lexicon\/deployment-planning\/\">Personnel deployment planning<\/a><\/p>\n<\/div><\/div><\/div><div class=\"w-iconbox us_custom_3090c82c iconpos_left style_default color_primary align_left no_title\"><div class=\"w-iconbox-icon\" style=\"font-size:1rem;\"><i class=\"fas fa-chevron-right\"><\/i><\/div><div class=\"w-iconbox-meta\"><div class=\"w-iconbox-text\"><p><a href=\"https:\/\/www.mkware.de\/en\/lexicon\/predictive-maintenance\/\">Predictive maintenance<\/a><\/p>\n<\/div><\/div><\/div><div class=\"w-iconbox us_custom_3090c82c iconpos_left style_default color_primary align_left no_title\"><div class=\"w-iconbox-icon\" style=\"font-size:1rem;\"><i class=\"fas fa-chevron-right\"><\/i><\/div><div class=\"w-iconbox-meta\"><div class=\"w-iconbox-text\"><p><a href=\"https:\/\/www.mkware.de\/en\/lexicon\/product-scheduling\/\">Detailed production scheduling<\/a><\/p>\n<\/div><\/div><\/div><div class=\"w-iconbox us_custom_3090c82c iconpos_left style_default color_primary align_left no_title\"><div class=\"w-iconbox-icon\" style=\"font-size:1rem;\"><i class=\"fas fa-chevron-right\"><\/i><\/div><div class=\"w-iconbox-meta\"><div class=\"w-iconbox-text\"><p><a href=\"https:\/\/www.mkware.de\/en\/lexicon\/production-planning\/\">Production planning<\/a><\/p>\n<\/div><\/div><\/div><div class=\"w-iconbox us_custom_3090c82c iconpos_left style_default color_primary align_left no_title\"><div class=\"w-iconbox-icon\" style=\"font-size:1rem;\"><i class=\"fas fa-chevron-right\"><\/i><\/div><div class=\"w-iconbox-meta\"><div class=\"w-iconbox-text\"><p><a href=\"https:\/\/www.mkware.de\/en\/lexicon\/product-labeling\/\">Product labeling<\/a><\/p>\n<\/div><\/div><\/div><div class=\"w-iconbox us_custom_3090c82c iconpos_left style_default color_primary align_left no_title\"><div class=\"w-iconbox-icon\" style=\"font-size:1rem;\"><i class=\"fas fa-chevron-right\"><\/i><\/div><div class=\"w-iconbox-meta\"><div class=\"w-iconbox-text\"><p><a href=\"https:\/\/www.mkware.de\/en\/lexicon\/process-data-acquisition\/\">Process data acquisition<\/a><\/p>\n<\/div><\/div><\/div><div class=\"w-iconbox iconpos_left style_default color_primary align_left no_title\"><div class=\"w-iconbox-icon\" style=\"font-size:1rem;\"><i class=\"fas fa-chevron-right\"><\/i><\/div><div class=\"w-iconbox-meta\"><div class=\"w-iconbox-text\"><p><a href=\"https:\/\/www.mkware.de\/en\/lexicon\/quality-assurance\/\">Quality assurance<\/a><\/p>\n<\/div><\/div><\/div><\/div><\/div><div class=\"wpb_column vc_column_container\"><div class=\"vc_column-inner\"><div class=\"wpb_text_column\"><div class=\"wpb_wrapper\"><h2>S-Z<\/h2>\n<\/div><\/div><div class=\"w-separator size_medium with_line width_default thick_1 style_solid color_secondary align_center\"><div class=\"w-separator-h\"><\/div><\/div><\/div><\/div><\/div><\/div><\/div><\/div><\/div><\/section>","protected":false},"excerpt":{"rendered":"Lexikon Unser MK|Ware-Lexikon bietet Ihnen kompakte und verst\u00e4ndliche Erkl\u00e4rungen zu zentralen Begriffen aus der Welt der Manufacturing Execution Systems (MES) und der digitalen Fertigung. Von Produktionssteuerung \u00fcber Qualit\u00e4tssicherung bis hin zu Datenintegration \u2013 hier werden Fachthemen praxisnah erl\u00e4utert. Das Lexikon hilft dabei, Begriffe einzuordnen und einen schnellen \u00dcberblick \u00fcber wichtige Konzepte der Industrie 4.0 zu...","protected":false},"author":1,"featured_media":0,"parent":0,"menu_order":0,"comment_status":"closed","ping_status":"closed","template":"","meta":{"_acf_changed":false,"footnotes":""},"class_list":["post-438","page","type-page","status-publish","hentry"],"acf":[],"yoast_head":"<!-- This site is optimized with the Yoast SEO plugin v26.3 - https:\/\/yoast.com\/wordpress\/plugins\/seo\/ -->\n<title>Lexikon \u2013 umfassende Definitionen &amp; Fachbegriffe<\/title>\n<meta name=\"description\" content=\"Lexikon mit Erkl\u00e4rungen und Definitionen aus der Welt der Manufacturing Execution Systems (MES) und der digitalen Fertigung.\" \/>\n<meta name=\"robots\" content=\"index, follow, max-snippet:-1, max-image-preview:large, max-video-preview:-1\" \/>\n<link rel=\"canonical\" href=\"https:\/\/www.mkware.de\/en\/lexicon\/\" \/>\n<meta property=\"og:locale\" content=\"en_US\" \/>\n<meta property=\"og:type\" content=\"article\" \/>\n<meta property=\"og:title\" content=\"Lexikon \u2013 umfassende Definitionen &amp; Fachbegriffe\" \/>\n<meta property=\"og:description\" content=\"Lexikon mit Erkl\u00e4rungen und Definitionen aus der Welt der Manufacturing Execution Systems (MES) und der digitalen Fertigung.\" \/>\n<meta property=\"og:url\" content=\"https:\/\/www.mkware.de\/en\/lexicon\/\" \/>\n<meta property=\"og:site_name\" content=\"MK|Ware\" \/>\n<meta property=\"article:modified_time\" content=\"2025-11-03T06:58:55+00:00\" \/>\n<meta name=\"twitter:card\" content=\"summary_large_image\" \/>\n<meta name=\"twitter:label1\" content=\"Est. reading time\" \/>\n\t<meta name=\"twitter:data1\" content=\"2 minutes\" \/>\n<script type=\"application\/ld+json\" class=\"yoast-schema-graph\">{\"@context\":\"https:\/\/schema.org\",\"@graph\":[{\"@type\":\"WebPage\",\"@id\":\"https:\/\/www.mkware.de\/lexikon\/\",\"url\":\"https:\/\/www.mkware.de\/lexikon\/\",\"name\":\"Lexikon \u2013 umfassende Definitionen & Fachbegriffe\",\"isPartOf\":{\"@id\":\"https:\/\/www.mkware.de\/#website\"},\"datePublished\":\"2024-09-10T13:43:16+00:00\",\"dateModified\":\"2025-11-03T06:58:55+00:00\",\"description\":\"Lexikon mit Erkl\u00e4rungen und Definitionen aus der Welt der Manufacturing Execution Systems (MES) und der digitalen Fertigung.\",\"breadcrumb\":{\"@id\":\"https:\/\/www.mkware.de\/lexikon\/#breadcrumb\"},\"inLanguage\":\"en-US\",\"potentialAction\":[{\"@type\":\"ReadAction\",\"target\":[\"https:\/\/www.mkware.de\/lexikon\/\"]}]},{\"@type\":\"BreadcrumbList\",\"@id\":\"https:\/\/www.mkware.de\/lexikon\/#breadcrumb\",\"itemListElement\":[{\"@type\":\"ListItem\",\"position\":1,\"name\":\"Startseite\",\"item\":\"https:\/\/www.mkware.de\/\"},{\"@type\":\"ListItem\",\"position\":2,\"name\":\"Fachlexikon\"}]},{\"@type\":\"WebSite\",\"@id\":\"https:\/\/www.mkware.de\/#website\",\"url\":\"https:\/\/www.mkware.de\/\",\"name\":\"MK|Ware\",\"description\":\"\",\"publisher\":{\"@id\":\"https:\/\/www.mkware.de\/#organization\"},\"potentialAction\":[{\"@type\":\"SearchAction\",\"target\":{\"@type\":\"EntryPoint\",\"urlTemplate\":\"https:\/\/www.mkware.de\/?s={search_term_string}\"},\"query-input\":{\"@type\":\"PropertyValueSpecification\",\"valueRequired\":true,\"valueName\":\"search_term_string\"}}],\"inLanguage\":\"en-US\"},{\"@type\":\"Organization\",\"@id\":\"https:\/\/www.mkware.de\/#organization\",\"name\":\"MK|Ware\",\"url\":\"https:\/\/www.mkware.de\/\",\"logo\":{\"@type\":\"ImageObject\",\"inLanguage\":\"en-US\",\"@id\":\"https:\/\/www.mkware.de\/#\/schema\/logo\/image\/\",\"url\":\"https:\/\/www.mkware.de\/wp-content\/uploads\/mkware-logo.png\",\"contentUrl\":\"https:\/\/www.mkware.de\/wp-content\/uploads\/mkware-logo.png\",\"width\":1200,\"height\":306,\"caption\":\"MK|Ware\"},\"image\":{\"@id\":\"https:\/\/www.mkware.de\/#\/schema\/logo\/image\/\"}}]}<\/script>\n<!-- \/ Yoast SEO plugin. -->","yoast_head_json":{"title":"Lexicon - comprehensive definitions &amp; technical terms","description":"Lexicon with explanations and definitions from the world of Manufacturing Execution Systems (MES) and digital manufacturing.","robots":{"index":"index","follow":"follow","max-snippet":"max-snippet:-1","max-image-preview":"max-image-preview:large","max-video-preview":"max-video-preview:-1"},"canonical":"https:\/\/www.mkware.de\/en\/lexicon\/","og_locale":"en_US","og_type":"article","og_title":"Lexikon \u2013 umfassende Definitionen & Fachbegriffe","og_description":"Lexikon mit Erkl\u00e4rungen und Definitionen aus der Welt der Manufacturing Execution Systems (MES) und der digitalen Fertigung.","og_url":"https:\/\/www.mkware.de\/en\/lexicon\/","og_site_name":"MK|Ware","article_modified_time":"2025-11-03T06:58:55+00:00","twitter_card":"summary_large_image","twitter_misc":{"Est. reading time":"2 minutes"},"schema":{"@context":"https:\/\/schema.org","@graph":[{"@type":"WebPage","@id":"https:\/\/www.mkware.de\/lexikon\/","url":"https:\/\/www.mkware.de\/lexikon\/","name":"Lexicon - comprehensive definitions &amp; technical terms","isPartOf":{"@id":"https:\/\/www.mkware.de\/#website"},"datePublished":"2024-09-10T13:43:16+00:00","dateModified":"2025-11-03T06:58:55+00:00","description":"Lexicon with explanations and definitions from the world of Manufacturing Execution Systems (MES) and digital manufacturing.","breadcrumb":{"@id":"https:\/\/www.mkware.de\/lexikon\/#breadcrumb"},"inLanguage":"en-US","potentialAction":[{"@type":"ReadAction","target":["https:\/\/www.mkware.de\/lexikon\/"]}]},{"@type":"BreadcrumbList","@id":"https:\/\/www.mkware.de\/lexikon\/#breadcrumb","itemListElement":[{"@type":"ListItem","position":1,"name":"Startseite","item":"https:\/\/www.mkware.de\/"},{"@type":"ListItem","position":2,"name":"Fachlexikon"}]},{"@type":"WebSite","@id":"https:\/\/www.mkware.de\/#website","url":"https:\/\/www.mkware.de\/","name":"MK|Ware","description":"","publisher":{"@id":"https:\/\/www.mkware.de\/#organization"},"potentialAction":[{"@type":"SearchAction","target":{"@type":"EntryPoint","urlTemplate":"https:\/\/www.mkware.de\/?s={search_term_string}"},"query-input":{"@type":"PropertyValueSpecification","valueRequired":true,"valueName":"search_term_string"}}],"inLanguage":"en-US"},{"@type":"Organization","@id":"https:\/\/www.mkware.de\/#organization","name":"MK|Ware","url":"https:\/\/www.mkware.de\/","logo":{"@type":"ImageObject","inLanguage":"en-US","@id":"https:\/\/www.mkware.de\/#\/schema\/logo\/image\/","url":"https:\/\/www.mkware.de\/wp-content\/uploads\/mkware-logo.png","contentUrl":"https:\/\/www.mkware.de\/wp-content\/uploads\/mkware-logo.png","width":1200,"height":306,"caption":"MK|Ware"},"image":{"@id":"https:\/\/www.mkware.de\/#\/schema\/logo\/image\/"}}]}},"_links":{"self":[{"href":"https:\/\/www.mkware.de\/en\/wp-json\/wp\/v2\/pages\/438","targetHints":{"allow":["GET"]}}],"collection":[{"href":"https:\/\/www.mkware.de\/en\/wp-json\/wp\/v2\/pages"}],"about":[{"href":"https:\/\/www.mkware.de\/en\/wp-json\/wp\/v2\/types\/page"}],"author":[{"embeddable":true,"href":"https:\/\/www.mkware.de\/en\/wp-json\/wp\/v2\/users\/1"}],"replies":[{"embeddable":true,"href":"https:\/\/www.mkware.de\/en\/wp-json\/wp\/v2\/comments?post=438"}],"version-history":[{"count":26,"href":"https:\/\/www.mkware.de\/en\/wp-json\/wp\/v2\/pages\/438\/revisions"}],"predecessor-version":[{"id":1411,"href":"https:\/\/www.mkware.de\/en\/wp-json\/wp\/v2\/pages\/438\/revisions\/1411"}],"wp:attachment":[{"href":"https:\/\/www.mkware.de\/en\/wp-json\/wp\/v2\/media?parent=438"}],"curies":[{"name":"wp","href":"https:\/\/api.w.org\/{rel}","templated":true}]}}