{"id":697,"date":"2024-09-26T15:32:28","date_gmt":"2024-09-26T13:32:28","guid":{"rendered":"https:\/\/mkw.mosaik-management.de\/?page_id=697"},"modified":"2025-01-22T12:43:35","modified_gmt":"2025-01-22T11:43:35","slug":"thank-you","status":"publish","type":"page","link":"https:\/\/www.mkware.de\/en\/contact\/thank-you\/","title":{"rendered":"Thank you"},"content":{"rendered":"<section class=\"l-section wpb_row height_large\"><div class=\"l-section-h i-cf\"><div class=\"g-cols vc_row via_grid cols_1 laptops-cols_inherit tablets-cols_inherit mobiles-cols_1 valign_top type_default stacking_default\"><div class=\"wpb_column vc_column_container\"><div class=\"vc_column-inner\"><div class=\"g-cols wpb_row via_grid cols_1-3 laptops-cols_inherit tablets-cols_inherit mobiles-cols_1 valign_top type_default stacking_default\" style=\"--columns-gap:3rem;\"><div class=\"wpb_column vc_column_container\"><div class=\"vc_column-inner\"><div class=\"w-image align_none\"><div class=\"w-image-h\"><img decoding=\"async\" width=\"617\" height=\"617\" src=\"https:\/\/www.mkware.de\/wp-content\/uploads\/mkw-online-3-1.png\" class=\"attachment-large size-large\" alt=\"Arrange an appointment online now\" loading=\"lazy\" srcset=\"https:\/\/www.mkware.de\/wp-content\/uploads\/mkw-online-3-1.png 617w, https:\/\/www.mkware.de\/wp-content\/uploads\/mkw-online-3-1-600x600.png 600w, https:\/\/www.mkware.de\/wp-content\/uploads\/mkw-online-3-1-150x150.png 150w, https:\/\/www.mkware.de\/wp-content\/uploads\/mkw-online-3-1-400x400.png 400w\" sizes=\"auto, (max-width: 617px) 100vw, 617px\" \/><\/div><\/div><\/div><\/div><div class=\"wpb_column vc_column_container\"><div class=\"vc_column-inner\"><div class=\"wpb_text_column\"><div class=\"wpb_wrapper\"><h1>Thank you for your inquiry<\/h1>\n<p>We have successfully received your request and will get back to you as soon as possible. Our team is already working on reviewing your request and we look forward to helping you further.<\/p>\n<p>If you have any questions in the meantime, please do not hesitate to contact us by phone or e-mail.<\/p>\n<\/div><\/div><div class=\"w-btn-wrapper align_left\"><a class=\"w-btn us-btn-style_1\" href=\"\/en\/\"><span class=\"w-btn-label\">To the homepage<\/span><\/a><\/div><\/div><\/div><\/div><\/div><\/div><\/div><\/div><\/section>","protected":false},"excerpt":{"rendered":"Thank you for your inquiry We have successfully received your inquiry and will get back to you as soon as possible. Our team is already working to review your request and we look forward to assisting you further. If you have any questions in the meantime, please feel free to contact us by phone or email. Go to home page","protected":false},"author":3,"featured_media":0,"parent":23,"menu_order":0,"comment_status":"closed","ping_status":"closed","template":"","meta":{"_acf_changed":false,"footnotes":""},"class_list":["post-697","page","type-page","status-publish","hentry"],"acf":[],"yoast_head":"<!-- This site is optimized with the Yoast SEO plugin v26.3 - https:\/\/yoast.com\/wordpress\/plugins\/seo\/ -->\n<title>Danke f\u00fcr Ihre Anfrage<\/title>\n<meta name=\"description\" content=\"Vielen Dank f\u00fcr Ihre Anfrage. Wir werden uns schnellstm\u00f6glich bei Ihnen zur\u00fcckmelden.\" \/>\n<meta name=\"robots\" content=\"noindex, follow\" \/>\n<meta property=\"og:locale\" content=\"en_US\" \/>\n<meta property=\"og:type\" content=\"article\" \/>\n<meta property=\"og:title\" content=\"Danke f\u00fcr Ihre Anfrage\" \/>\n<meta property=\"og:description\" content=\"Vielen Dank f\u00fcr Ihre Anfrage. Wir werden uns schnellstm\u00f6glich bei Ihnen zur\u00fcckmelden.\" \/>\n<meta property=\"og:url\" content=\"https:\/\/www.mkware.de\/en\/contact\/thank-you\/\" \/>\n<meta property=\"og:site_name\" content=\"MK|Ware\" \/>\n<meta property=\"article:modified_time\" content=\"2025-01-22T11:43:35+00:00\" \/>\n<meta name=\"twitter:card\" content=\"summary_large_image\" \/>\n<meta name=\"twitter:label1\" content=\"Est. reading time\" \/>\n\t<meta name=\"twitter:data1\" content=\"1 minute\" \/>\n<script type=\"application\/ld+json\" class=\"yoast-schema-graph\">{\"@context\":\"https:\/\/schema.org\",\"@graph\":[{\"@type\":\"WebPage\",\"@id\":\"https:\/\/www.mkware.de\/kontakt\/danke\/\",\"url\":\"https:\/\/www.mkware.de\/kontakt\/danke\/\",\"name\":\"Danke f\u00fcr Ihre Anfrage\",\"isPartOf\":{\"@id\":\"https:\/\/www.mkware.de\/#website\"},\"datePublished\":\"2024-09-26T13:32:28+00:00\",\"dateModified\":\"2025-01-22T11:43:35+00:00\",\"description\":\"Vielen Dank f\u00fcr Ihre Anfrage. Wir werden uns schnellstm\u00f6glich bei Ihnen zur\u00fcckmelden.\",\"breadcrumb\":{\"@id\":\"https:\/\/www.mkware.de\/kontakt\/danke\/#breadcrumb\"},\"inLanguage\":\"en-US\",\"potentialAction\":[{\"@type\":\"ReadAction\",\"target\":[\"https:\/\/www.mkware.de\/kontakt\/danke\/\"]}]},{\"@type\":\"BreadcrumbList\",\"@id\":\"https:\/\/www.mkware.de\/kontakt\/danke\/#breadcrumb\",\"itemListElement\":[{\"@type\":\"ListItem\",\"position\":1,\"name\":\"Startseite\",\"item\":\"https:\/\/www.mkware.de\/\"},{\"@type\":\"ListItem\",\"position\":2,\"name\":\"Kontakt\",\"item\":\"https:\/\/www.mkware.de\/kontakt\/\"},{\"@type\":\"ListItem\",\"position\":3,\"name\":\"Danke\"}]},{\"@type\":\"WebSite\",\"@id\":\"https:\/\/www.mkware.de\/#website\",\"url\":\"https:\/\/www.mkware.de\/\",\"name\":\"MK|Ware\",\"description\":\"\",\"publisher\":{\"@id\":\"https:\/\/www.mkware.de\/#organization\"},\"potentialAction\":[{\"@type\":\"SearchAction\",\"target\":{\"@type\":\"EntryPoint\",\"urlTemplate\":\"https:\/\/www.mkware.de\/?s={search_term_string}\"},\"query-input\":{\"@type\":\"PropertyValueSpecification\",\"valueRequired\":true,\"valueName\":\"search_term_string\"}}],\"inLanguage\":\"en-US\"},{\"@type\":\"Organization\",\"@id\":\"https:\/\/www.mkware.de\/#organization\",\"name\":\"MK|Ware\",\"url\":\"https:\/\/www.mkware.de\/\",\"logo\":{\"@type\":\"ImageObject\",\"inLanguage\":\"en-US\",\"@id\":\"https:\/\/www.mkware.de\/#\/schema\/logo\/image\/\",\"url\":\"https:\/\/www.mkware.de\/wp-content\/uploads\/mkware-logo.png\",\"contentUrl\":\"https:\/\/www.mkware.de\/wp-content\/uploads\/mkware-logo.png\",\"width\":1200,\"height\":306,\"caption\":\"MK|Ware\"},\"image\":{\"@id\":\"https:\/\/www.mkware.de\/#\/schema\/logo\/image\/\"}}]}<\/script>\n<!-- \/ Yoast SEO plugin. -->","yoast_head_json":{"title":"Thank you for your request","description":"Thank you for your inquiry. We will get back to you as soon as possible.","robots":{"index":"noindex","follow":"follow"},"og_locale":"en_US","og_type":"article","og_title":"Danke f\u00fcr Ihre Anfrage","og_description":"Vielen Dank f\u00fcr Ihre Anfrage. Wir werden uns schnellstm\u00f6glich bei Ihnen zur\u00fcckmelden.","og_url":"https:\/\/www.mkware.de\/en\/contact\/thank-you\/","og_site_name":"MK|Ware","article_modified_time":"2025-01-22T11:43:35+00:00","twitter_card":"summary_large_image","twitter_misc":{"Est. reading time":"1 minute"},"schema":{"@context":"https:\/\/schema.org","@graph":[{"@type":"WebPage","@id":"https:\/\/www.mkware.de\/kontakt\/danke\/","url":"https:\/\/www.mkware.de\/kontakt\/danke\/","name":"Thank you for your request","isPartOf":{"@id":"https:\/\/www.mkware.de\/#website"},"datePublished":"2024-09-26T13:32:28+00:00","dateModified":"2025-01-22T11:43:35+00:00","description":"Thank you for your inquiry. We will get back to you as soon as possible.","breadcrumb":{"@id":"https:\/\/www.mkware.de\/kontakt\/danke\/#breadcrumb"},"inLanguage":"en-US","potentialAction":[{"@type":"ReadAction","target":["https:\/\/www.mkware.de\/kontakt\/danke\/"]}]},{"@type":"BreadcrumbList","@id":"https:\/\/www.mkware.de\/kontakt\/danke\/#breadcrumb","itemListElement":[{"@type":"ListItem","position":1,"name":"Startseite","item":"https:\/\/www.mkware.de\/"},{"@type":"ListItem","position":2,"name":"Kontakt","item":"https:\/\/www.mkware.de\/kontakt\/"},{"@type":"ListItem","position":3,"name":"Danke"}]},{"@type":"WebSite","@id":"https:\/\/www.mkware.de\/#website","url":"https:\/\/www.mkware.de\/","name":"MK|Ware","description":"","publisher":{"@id":"https:\/\/www.mkware.de\/#organization"},"potentialAction":[{"@type":"SearchAction","target":{"@type":"EntryPoint","urlTemplate":"https:\/\/www.mkware.de\/?s={search_term_string}"},"query-input":{"@type":"PropertyValueSpecification","valueRequired":true,"valueName":"search_term_string"}}],"inLanguage":"en-US"},{"@type":"Organization","@id":"https:\/\/www.mkware.de\/#organization","name":"MK|Ware","url":"https:\/\/www.mkware.de\/","logo":{"@type":"ImageObject","inLanguage":"en-US","@id":"https:\/\/www.mkware.de\/#\/schema\/logo\/image\/","url":"https:\/\/www.mkware.de\/wp-content\/uploads\/mkware-logo.png","contentUrl":"https:\/\/www.mkware.de\/wp-content\/uploads\/mkware-logo.png","width":1200,"height":306,"caption":"MK|Ware"},"image":{"@id":"https:\/\/www.mkware.de\/#\/schema\/logo\/image\/"}}]}},"_links":{"self":[{"href":"https:\/\/www.mkware.de\/en\/wp-json\/wp\/v2\/pages\/697","targetHints":{"allow":["GET"]}}],"collection":[{"href":"https:\/\/www.mkware.de\/en\/wp-json\/wp\/v2\/pages"}],"about":[{"href":"https:\/\/www.mkware.de\/en\/wp-json\/wp\/v2\/types\/page"}],"author":[{"embeddable":true,"href":"https:\/\/www.mkware.de\/en\/wp-json\/wp\/v2\/users\/3"}],"replies":[{"embeddable":true,"href":"https:\/\/www.mkware.de\/en\/wp-json\/wp\/v2\/comments?post=697"}],"version-history":[{"count":0,"href":"https:\/\/www.mkware.de\/en\/wp-json\/wp\/v2\/pages\/697\/revisions"}],"up":[{"embeddable":true,"href":"https:\/\/www.mkware.de\/en\/wp-json\/wp\/v2\/pages\/23"}],"wp:attachment":[{"href":"https:\/\/www.mkware.de\/en\/wp-json\/wp\/v2\/media?parent=697"}],"curies":[{"name":"wp","href":"https:\/\/api.w.org\/{rel}","templated":true}]}}